{"id":1388,"date":"2017-05-02T17:35:25","date_gmt":"2017-05-02T17:35:25","guid":{"rendered":"https:\/\/panamei.com\/?page_id=1388"},"modified":"2018-02-19T17:27:42","modified_gmt":"2018-02-19T17:27:42","slug":"store-locator","status":"publish","type":"page","link":"https:\/\/panamei.com\/es\/store-locator\/","title":{"rendered":"Store Locator"},"content":{"rendered":"","protected":false},"excerpt":{"rendered":"ubicaci\u00f3n de b\u00fasqueda Categories Rango distancia Radio: KM Estado N\u00famero de tiendas : 0 Cargando &times; Direcciones &times; Obtenga su direcci\u00f3n Desde: A: Mostrar distancia en KM Mile Como llegar &times; Usar mi ubicaci\u00f3n para encontrar el proveedor de servicios m\u00e1s cercano cerca de m\u00ed uso Localizaci\u00f3n","protected":false},"author":12,"featured_media":0,"parent":0,"menu_order":0,"comment_status":"closed","ping_status":"closed","template":"page-wheretobuy.php","meta":{"wprm-recipe-roundup-name":"","wprm-recipe-roundup-description":"","footnotes":""},"class_list":["post-1388","page","type-page","status-publish","hentry"],"_links":{"self":[{"href":"https:\/\/panamei.com\/es\/wp-json\/wp\/v2\/pages\/1388","targetHints":{"allow":["GET"]}}],"collection":[{"href":"https:\/\/panamei.com\/es\/wp-json\/wp\/v2\/pages"}],"about":[{"href":"https:\/\/panamei.com\/es\/wp-json\/wp\/v2\/types\/page"}],"author":[{"embeddable":true,"href":"https:\/\/panamei.com\/es\/wp-json\/wp\/v2\/users\/12"}],"replies":[{"embeddable":true,"href":"https:\/\/panamei.com\/es\/wp-json\/wp\/v2\/comments?post=1388"}],"version-history":[{"count":4,"href":"https:\/\/panamei.com\/es\/wp-json\/wp\/v2\/pages\/1388\/revisions"}],"predecessor-version":[{"id":1392,"href":"https:\/\/panamei.com\/es\/wp-json\/wp\/v2\/pages\/1388\/revisions\/1392"}],"wp:attachment":[{"href":"https:\/\/panamei.com\/es\/wp-json\/wp\/v2\/media?parent=1388"}],"curies":[{"name":"wp","href":"https:\/\/api.w.org\/{rel}","templated":true}]}}