{"id":17,"date":"2017-02-21T14:51:05","date_gmt":"2017-02-21T14:51:05","guid":{"rendered":"http:\/\/popbetaserver.com\/projects\/panamei\/?page_id=17"},"modified":"2022-03-14T14:27:10","modified_gmt":"2022-03-14T14:27:10","slug":"contact","status":"publish","type":"page","link":"https:\/\/panamei.com\/es\/contact\/","title":{"rendered":"Contacto"},"content":{"rendered":"<p><section class=\"section  text-normal section-text-no-shadow section-inner-no-shadow section-normal section-opaque\" >\n            <div class=\"background-media\" style=\"background-image: url(&#039;https:\/\/panamei.com\/wp-content\/uploads\/2017\/02\/bannercta.jpg&#039;); background-repeat:no-repeat; background-size:cover; background-attachment:no-scroll; background-position: 50% 0%;\" >\n                    <\/div>\n    \n    <div class=\"background-overlay grid-overlay-0 \" style=\"background-color: rgba(0,0,0,0);\"><\/div>\n\n    <div class=\"container container-vertical-default\">\n        <div class=\"row vertical-default\">\n            <div class=\"col-md-12     text-center small-screen-default\"  ><!--  \/partials\/shortcodes\/column-text.php   -->\n<div class=\"col-text-1 text-light hypatiabanner element-top-200 element-bottom-20\" data-os-animation=\"none\" data-os-animation-delay=\"0s\">\n    <h1>CONTACTO<\/h1>\n<\/div><!--  \/partials\/shortcodes\/column-text.php   -->\n<div class=\"col-text-1 text-light lorafont font18 element-top-20 element-bottom-20\" data-os-animation=\"none\" data-os-animation-delay=\"0s\">\n    <p>Env\u00edanos un mensaje a trav\u00e9s del siguiente formulario de contacto y uno de nuestros representantes se comunicar\u00e1 contigo lo antes posible.<\/p>\n<\/div><!--  \/partials\/shortcodes\/column-text.php   -->\n<div class=\"col-text-1 text-light lorafont font18 element-top-20 element-bottom-200\" data-os-animation=\"none\" data-os-animation-delay=\"0s\">\n    <p>Tambi\u00e9n puedes llamar al 1-855-PANAMEI (726-2634).<\/p>\n<\/div><\/div>        <\/div>\n    <\/div>\n<\/section><section class=\"section  text-normal section-text-no-shadow section-inner-no-shadow section-normal section-opaque\" >\n    \n    <div class=\"background-overlay grid-overlay-0 \" style=\"background-color: rgba(0,0,0,0);\"><\/div>\n\n    <div class=\"container container-vertical-default\">\n        <div class=\"row vertical-default\">\n            <div class=\"col-md-3     text-default small-screen-default\"  ><\/div><div class=\"col-md-6     text-default small-screen-default\"  >[vc_raw_js]JTNDZGl2JTIwaWQlM0QlMjJ3dWZvby16MWJ5Z2szbTA5c2Iwd3MlMjIlM0UlMjBGaWxsJTIwb3V0JTIwbXklMjAlM0NhJTIwaHJlZiUzRCUyMmh0dHBzJTNBJTJGJTJGcG9wY3JlYXRpdmUud3Vmb28uY29tJTJGZm9ybXMlMkZ6MWJ5Z2szbTA5c2Iwd3MlMjIlM0VvbmxpbmUlMjBmb3JtJTNDJTJGYSUzRS4lMjAlM0MlMkZkaXYlM0UlMjAlM0NzY3JpcHQlMjB0eXBlJTNEJTIydGV4dCUyRmphdmFzY3JpcHQlMjIlM0UlMjB2YXIlMjB6MWJ5Z2szbTA5c2Iwd3MlM0IlMjAlMjhmdW5jdGlvbiUyOGQlMkMlMjB0JTI5JTIwJTdCJTIwdmFyJTIwcyUyMCUzRCUyMGQuY3JlYXRlRWxlbWVudCUyOHQlMjklMkMlMjBvcHRpb25zJTIwJTNEJTIwJTdCJTIwJTI3dXNlck5hbWUlMjclM0ElMjdwb3BjcmVhdGl2ZSUyNyUyQyUyMCUyN2Zvcm1IYXNoJTI3JTNBJTI3ejFieWdrM20wOXNiMHdzJTI3JTJDJTIwJTI3YXV0b1Jlc2l6ZSUyNyUzQXRydWUlMkMlMjAlMjdoZWlnaHQlMjclM0ElMjc5MDUlMjclMkMlMjAlMjdhc3luYyUyNyUzQXRydWUlMkMlMjAlMjdob3N0JTI3JTNBJTI3d3Vmb28uY29tJTI3JTJDJTIwJTI3aGVhZGVyJTI3JTNBJTI3aGlkZSUyNyUyQyUyMCUyN3NzbCUyNyUzQXRydWUlMjAlN0QlM0IlMjBzLnNyYyUyMCUzRCUyMCUyOCUyN2h0dHBzJTNBJTI3JTIwJTNEJTNEJTIwZC5sb2NhdGlvbi5wcm90b2NvbCUyMCUzRiUyN2h0dHBzJTNBJTJGJTJGJTI3JTNBJTI3aHR0cCUzQSUyRiUyRiUyNyUyOSUyMCUyQiUyMCUyN3NlY3VyZS53dWZvby5jb20lMkZzY3JpcHRzJTJGZW1iZWQlMkZmb3JtLmpzJTI3JTNCJTIwcy5vbmxvYWQlMjAlM0QlMjBzLm9ucmVhZHlzdGF0ZWNoYW5nZSUyMCUzRCUyMGZ1bmN0aW9uJTI4JTI5JTIwJTdCJTIwdmFyJTIwcnMlMjAlM0QlMjB0aGlzLnJlYWR5U3RhdGUlM0IlMjBpZiUyMCUyOHJzJTI5JTIwaWYlMjAlMjhycyUyMCUyMSUzRCUyMCUyN2NvbXBsZXRlJTI3JTI5JTIwaWYlMjAlMjhycyUyMCUyMSUzRCUyMCUyN2xvYWRlZCUyNyUyOSUyMHJldHVybiUzQiUyMHRyeSUyMCU3QiUyMHoxYnlnazNtMDlzYjB3cyUyMCUzRCUyMG5ldyUyMFd1Zm9vRm9ybSUyOCUyOSUzQiUyMHoxYnlnazNtMDlzYjB3cy5pbml0aWFsaXplJTI4b3B0aW9ucyUyOSUzQiUyMHoxYnlnazNtMDlzYjB3cy5kaXNwbGF5JTI4JTI5JTNCJTIwJTdEJTIwY2F0Y2glMjAlMjhlJTI5JTIwJTdCJTIwJTdEJTIwJTdEJTNCJTIwdmFyJTIwc2NyJTIwJTNEJTIwZC5nZXRFbGVtZW50c0J5VGFnTmFtZSUyOHQlMjklNUIwJTVEJTJDJTIwcGFyJTIwJTNEJTIwc2NyLnBhcmVudE5vZGUlM0IlMjBwYXIuaW5zZXJ0QmVmb3JlJTI4cyUyQyUyMHNjciUyOSUzQiUyMCU3RCUyOSUyOGRvY3VtZW50JTJDJTIwJTI3c2NyaXB0JTI3JTI5JTNCJTIwJTNDJTJGc2NyaXB0JTNF[\/vc_raw_js]<\/div><div class=\"col-md-3     text-default small-screen-default\"  ><\/div>        <\/div>\n    <\/div>\n<\/section><\/p>","protected":false},"excerpt":{"rendered":"CONTACTO Env\u00edanos un mensaje a trav\u00e9s del siguiente formulario de contacto y uno de nuestros representantes se comunicar\u00e1 contigo lo antes posible. Tambi\u00e9n puedes llamar al 1-855-PANAMEI (726-2634). [vc_raw_js]JTNDZGl2JTIwaWQlM0QlMjJ3dWZvby16MWJ5Z2szbTA5c2Iwd3MlMjIlM0UlMjBGaWxsJTIwb3V0JTIwbXklMjAlM0NhJTIwaHJlZiUzRCUyMmh0dHBzJTNBJTJGJTJGcG9wY3JlYXRpdmUud3Vmb28uY29tJTJGZm9ybXMlMkZ6MWJ5Z2szbTA5c2Iwd3MlMjIlM0VvbmxpbmUlMjBmb3JtJTNDJTJGYSUzRS4lMjAlM0MlMkZkaXYlM0UlMjAlM0NzY3JpcHQlMjB0eXBlJTNEJTIydGV4dCUyRmphdmFzY3JpcHQlMjIlM0UlMjB2YXIlMjB6MWJ5Z2szbTA5c2Iwd3MlM0IlMjAlMjhmdW5jdGlvbiUyOGQlMkMlMjB0JTI5JTIwJTdCJTIwdmFyJTIwcyUyMCUzRCUyMGQuY3JlYXRlRWxlbWVudCUyOHQlMjklMkMlMjBvcHRpb25zJTIwJTNEJTIwJTdCJTIwJTI3dXNlck5hbWUlMjclM0ElMjdwb3BjcmVhdGl2ZSUyNyUyQyUyMCUyN2Zvcm1IYXNoJTI3JTNBJTI3ejFieWdrM20wOXNiMHdzJTI3JTJDJTIwJTI3YXV0b1Jlc2l6ZSUyNyUzQXRydWUlMkMlMjAlMjdoZWlnaHQlMjclM0ElMjc5MDUlMjclMkMlMjAlMjdhc3luYyUyNyUzQXRydWUlMkMlMjAlMjdob3N0JTI3JTNBJTI3d3Vmb28uY29tJTI3JTJDJTIwJTI3aGVhZGVyJTI3JTNBJTI3aGlkZSUyNyUyQyUyMCUyN3NzbCUyNyUzQXRydWUlMjAlN0QlM0IlMjBzLnNyYyUyMCUzRCUyMCUyOCUyN2h0dHBzJTNBJTI3JTIwJTNEJTNEJTIwZC5sb2NhdGlvbi5wcm90b2NvbCUyMCUzRiUyN2h0dHBzJTNBJTJGJTJGJTI3JTNBJTI3aHR0cCUzQSUyRiUyRiUyNyUyOSUyMCUyQiUyMCUyN3NlY3VyZS53dWZvby5jb20lMkZzY3JpcHRzJTJGZW1iZWQlMkZmb3JtLmpzJTI3JTNCJTIwcy5vbmxvYWQlMjAlM0QlMjBzLm9ucmVhZHlzdGF0ZWNoYW5nZSUyMCUzRCUyMGZ1bmN0aW9uJTI4JTI5JTIwJTdCJTIwdmFyJTIwcnMlMjAlM0QlMjB0aGlzLnJlYWR5U3RhdGUlM0IlMjBpZiUyMCUyOHJzJTI5JTIwaWYlMjAlMjhycyUyMCUyMSUzRCUyMCUyN2NvbXBsZXRlJTI3JTI5JTIwaWYlMjAlMjhycyUyMCUyMSUzRCUyMCUyN2xvYWRlZCUyNyUyOSUyMHJldHVybiUzQiUyMHRyeSUyMCU3QiUyMHoxYnlnazNtMDlzYjB3cyUyMCUzRCUyMG5ldyUyMFd1Zm9vRm9ybSUyOCUyOSUzQiUyMHoxYnlnazNtMDlzYjB3cy5pbml0aWFsaXplJTI4b3B0aW9ucyUyOSUzQiUyMHoxYnlnazNtMDlzYjB3cy5kaXNwbGF5JTI4JTI5JTNCJTIwJTdEJTIwY2F0Y2glMjAlMjhlJTI5JTIwJTdCJTIwJTdEJTIwJTdEJTNCJTIwdmFyJTIwc2NyJTIwJTNEJTIwZC5nZXRFbGVtZW50c0J5VGFnTmFtZSUyOHQlMjklNUIwJTVEJTJDJTIwcGFyJTIwJTNEJTIwc2NyLnBhcmVudE5vZGUlM0IlMjBwYXIuaW5zZXJ0QmVmb3JlJTI4cyUyQyUyMHNjciUyOSUzQiUyMCU3RCUyOSUyOGRvY3VtZW50JTJDJTIwJTI3c2NyaXB0JTI3JTI5JTNCJTIwJTNDJTJGc2NyaXB0JTNF[\/vc_raw_js]","protected":false},"author":12,"featured_media":0,"parent":0,"menu_order":0,"comment_status":"closed","ping_status":"closed","template":"","meta":{"wprm-recipe-roundup-name":"","wprm-recipe-roundup-description":"","footnotes":""},"class_list":["post-17","page","type-page","status-publish","hentry"],"_links":{"self":[{"href":"https:\/\/panamei.com\/es\/wp-json\/wp\/v2\/pages\/17","targetHints":{"allow":["GET"]}}],"collection":[{"href":"https:\/\/panamei.com\/es\/wp-json\/wp\/v2\/pages"}],"about":[{"href":"https:\/\/panamei.com\/es\/wp-json\/wp\/v2\/types\/page"}],"author":[{"embeddable":true,"href":"https:\/\/panamei.com\/es\/wp-json\/wp\/v2\/users\/12"}],"replies":[{"embeddable":true,"href":"https:\/\/panamei.com\/es\/wp-json\/wp\/v2\/comments?post=17"}],"version-history":[{"count":40,"href":"https:\/\/panamei.com\/es\/wp-json\/wp\/v2\/pages\/17\/revisions"}],"predecessor-version":[{"id":4945,"href":"https:\/\/panamei.com\/es\/wp-json\/wp\/v2\/pages\/17\/revisions\/4945"}],"wp:attachment":[{"href":"https:\/\/panamei.com\/es\/wp-json\/wp\/v2\/media?parent=17"}],"curies":[{"name":"wp","href":"https:\/\/api.w.org\/{rel}","templated":true}]}}