{"id":195,"date":"2017-02-21T20:50:28","date_gmt":"2017-02-21T20:50:28","guid":{"rendered":"http:\/\/popbetaserver.com\/projects\/panamei\/?page_id=195"},"modified":"2025-09-18T21:56:15","modified_gmt":"2025-09-18T21:56:15","slug":"products","status":"publish","type":"page","link":"https:\/\/panamei.com\/es\/products\/","title":{"rendered":"Productos"},"content":{"rendered":"<p><section class=\"section  text-normal section-text-no-shadow section-inner-no-shadow section-normal section-opaque\" id=\"products_bg_banner\" >\n            <div class=\"background-media\" style=\"background-image: url(&#039;https:\/\/panamei.com\/wp-content\/uploads\/2017\/02\/products.jpg&#039;); background-repeat:no-repeat; background-size:cover; background-attachment:fixed; background-position: 50% 0%;\" >\n                    <\/div>\n    \n    <div class=\"background-overlay grid-overlay-0 \" style=\"background-color: rgba(0,0,0,0);\"><\/div>\n\n    <div class=\"container container-vertical-default\">\n        <div class=\"row vertical-default\">\n            <div class=\"col-md-12     text-center small-screen-default\"  ><!--  \/partials\/shortcodes\/column-text.php   -->\n<div class=\"col-text-1 text-light hypatiabanner element-top-100 element-bottom-0\" data-os-animation=\"none\" data-os-animation-delay=\"0s\">\n    <h1>PRODUCTOS<\/h1>\n<\/div><div class=\"figure element-top-0 element-bottom-0  \" data-os-animation=\"none\" data-os-animation-delay=\"0s\">\n            <span class=\"figure-image\">\n        <img loading=\"lazy\" decoding=\"async\" width=\"395\" height=\"46\" src=\"https:\/\/panamei.com\/wp-content\/uploads\/2017\/03\/linebannerleft.png\" class=\"attachment-full size-full\" alt=\"\" srcset=\"https:\/\/panamei.com\/wp-content\/uploads\/2017\/03\/linebannerleft.png 395w, https:\/\/panamei.com\/wp-content\/uploads\/2017\/03\/linebannerleft-300x35.png 300w\" sizes=\"auto, (max-width: 395px) 100vw, 395px\" \/>            <\/span>\n    <\/div>\n<!--  \/partials\/shortcodes\/column-text.php   -->\n<div class=\"col-text-1 text-light banner_sub element-top-0 element-bottom-0\" data-os-animation=\"none\" data-os-animation-delay=\"0s\">\n    <p>Descubre nuestra gran variedad de pescados y mariscos.<\/p>\n<\/div><div class=\"figure element-top-0 element-bottom-0  \" data-os-animation=\"none\" data-os-animation-delay=\"0s\">\n            <span class=\"figure-image\">\n        <img loading=\"lazy\" decoding=\"async\" width=\"359\" height=\"46\" src=\"https:\/\/panamei.com\/wp-content\/uploads\/2017\/03\/linebannerright.png\" class=\"attachment-full size-full\" alt=\"\" srcset=\"https:\/\/panamei.com\/wp-content\/uploads\/2017\/03\/linebannerright.png 359w, https:\/\/panamei.com\/wp-content\/uploads\/2017\/03\/linebannerright-300x38.png 300w\" sizes=\"auto, (max-width: 359px) 100vw, 359px\" \/>            <\/span>\n    <\/div>\n<div class=\"divider-wrapper \" style=\"visibility:hidden;background-color:#FFFFFF\">\n    <div class=\"visible-xs\" style=\"height:24px;\"><\/div>\n    <div class=\"visible-sm\" style=\"height:24px;\"><\/div>\n    <div class=\"visible-md\" style=\"height:170px;\"><\/div>\n    <div class=\"visible-lg\" style=\"height:170px;\"><\/div>\n<\/div><\/div>        <\/div>\n    <\/div>\n<\/section><section class=\"section  text-normal section-text-no-shadow section-inner-no-shadow section-normal section-opaque\" id=\"varietybg\" >\n            <div class=\"background-media\" style=\"background-image: url(&#039;https:\/\/panamei.com\/wp-content\/uploads\/2017\/02\/products_bgarrow.png&#039;); background-repeat:no-repeat; background-size:cover; background-attachment:no-scroll; background-position: 50% 0%;\" >\n                    <\/div>\n    \n    <div class=\"background-overlay grid-overlay-0 \" style=\"background-color: rgba(0,0,0,0);\"><\/div>\n\n    <div class=\"container container-vertical-default\">\n        <div class=\"row vertical-default\">\n            <div class=\"col-md-12     text-center small-screen-default\"  ><!--  \/partials\/shortcodes\/column-text.php   -->\n<div class=\"col-text-1 text-light helveticamed element-top-30 element-bottom-20\" data-os-animation=\"none\" data-os-animation-delay=\"0s\">\n    <h2>VARIEDAD Y CONVENIENCIA<\/h2>\n<\/div><!--  \/partials\/shortcodes\/column-text.php   -->\n<div class=\"col-text-1 text-light  element-top-20 element-bottom-20\" data-os-animation=\"none\" data-os-animation-delay=\"0s\">\n    <p>Panamei ofrece calidad y conveniencia con su gran variedad de pescados y mariscos. La l\u00ednea incluye camarones, pescados, crust\u00e1ceos, calamares, pulpo, productos empanados y mucho m\u00e1s. Lleve a su mesa el exquisito sabor del mar y nuestra promesa de calidad.<\/p>\n<\/div><div class=\"divider-wrapper \" style=\"visibility:hidden;background-color:#FFFFFF\">\n    <div class=\"visible-xs\" style=\"height:24px;\"><\/div>\n    <div class=\"visible-sm\" style=\"height:24px;\"><\/div>\n    <div class=\"visible-md\" style=\"height:40px;\"><\/div>\n    <div class=\"visible-lg\" style=\"height:40px;\"><\/div>\n<\/div><\/div>        <\/div>\n    <\/div>\n<\/section><section class=\"section  text-normal section-text-no-shadow section-inner-no-shadow section-normal section-opaque\" >\n    \n    <div class=\"background-overlay grid-overlay-0 \" style=\"background-color: rgba(0,0,0,0);\"><\/div>\n\n    <div class=\"container container-vertical-default\">\n        <div class=\"row vertical-default\">\n            <div class=\"col-md-12     text-default small-screen-default\"  ><div class=\"divider-wrapper \" style=\"visibility:hidden;background-color:#FFFFFF\">\n    <div class=\"visible-xs\" style=\"height:24px;\"><\/div>\n    <div class=\"visible-sm\" style=\"height:24px;\"><\/div>\n    <div class=\"visible-md\" style=\"height:40px;\"><\/div>\n    <div class=\"visible-lg\" style=\"height:40px;\"><\/div>\n<\/div><\/div>        <\/div>\n    <\/div>\n<\/section><section class=\"section border1 text-normal section-text-no-shadow section-inner-no-shadow section-normal section-opaque\" >\n    \n    <div class=\"background-overlay grid-overlay-0 \" style=\"background-color: rgba(0,0,0,0);\"><\/div>\n\n    <div class=\"container container-vertical-default\">\n        <div class=\"row vertical-default\">\n            <div class=\"col-md-6    panamei_div_text_left text-default small-screen-default\"  ><!--  \/partials\/shortcodes\/column-text.php   -->\n<div class=\"col-text-1 text-normal dblue helveticamed element-top-0 element-bottom-0\" data-os-animation=\"none\" data-os-animation-delay=\"0s\">\n    <h2>L\u00cdNEA SELECT<\/h2>\n<\/div><!--  \/partials\/shortcodes\/column-text.php   -->\n<div class=\"col-text-1 text-normal  element-top-0 element-bottom-0\" data-os-animation=\"none\" data-os-animation-delay=\"0s\">\n    <p>Le presentamos los mejores pescados y mariscos en nuestra nueva l\u00ednea Select.<\/p>\n<\/div><a href=\"https:\/\/panamei.com\/product-category\/select-line\/\" class=\"btn btn-primary   text-normal   element-left-0 element-right-0 element-top-0 element-bottom-0\" target=\"_self\"   data-os-animation=\"none\" data-os-animation-delay=\"0s\">\n\t    Ver todos los productos     <\/a><div class=\"divider-wrapper \" style=\"visibility:hidden;background-color:#FFFFFF\">\n    <div class=\"visible-xs\" style=\"height:24px;\"><\/div>\n    <div class=\"visible-sm\" style=\"height:24px;\"><\/div>\n    <div class=\"visible-md\" style=\"height:15px;\"><\/div>\n    <div class=\"visible-lg\" style=\"height:15px;\"><\/div>\n<\/div><\/div><div class=\"col-md-6    prodimg_div border1 text-default small-screen-default\"  ><div class=\"figure element-top-20 element-bottom-70   os-animation\" data-os-animation=\"fadeInRight\" data-os-animation-delay=\"0s\">\n            <a href=\"https:\/\/panamei.com\/product-category\/select-line\/\" class=\"figure-image \" target=\"_self\">\n        <img loading=\"lazy\" decoding=\"async\" width=\"851\" height=\"451\" src=\"https:\/\/panamei.com\/wp-content\/uploads\/2022\/03\/products_03.png\" class=\"attachment-full size-full\" alt=\"\" srcset=\"https:\/\/panamei.com\/wp-content\/uploads\/2022\/03\/products_03.png 851w, https:\/\/panamei.com\/wp-content\/uploads\/2022\/03\/products_03-300x159.png 300w, https:\/\/panamei.com\/wp-content\/uploads\/2022\/03\/products_03-768x407.png 768w, https:\/\/panamei.com\/wp-content\/uploads\/2022\/03\/products_03-24x13.png 24w, https:\/\/panamei.com\/wp-content\/uploads\/2022\/03\/products_03-36x19.png 36w, https:\/\/panamei.com\/wp-content\/uploads\/2022\/03\/products_03-60x32.png 60w, https:\/\/panamei.com\/wp-content\/uploads\/2022\/03\/products_03-800x424.png 800w\" sizes=\"auto, (max-width: 851px) 100vw, 851px\" \/>            <\/a>\n    <\/div>\n<\/div>        <\/div>\n    <\/div>\n<\/section><section class=\"section border2 text-normal section-text-no-shadow section-inner-no-shadow section-normal section-opaque\" >\n    \n    <div class=\"background-overlay grid-overlay-0 \" style=\"background-color: rgba(0,0,0,0);\"><\/div>\n\n    <div class=\"container container-vertical-default\">\n        <div class=\"row vertical-default\">\n            <div class=\"col-md-6    prodimg_div text-default small-screen-default\"  ><div class=\"figure element-top-20 element-bottom-60   os-animation\" data-os-animation=\"fadeInLeft\" data-os-animation-delay=\"0s\">\n            <a href=\"https:\/\/panamei.com\/product-category\/fish\/\" class=\"figure-image \" target=\"_self\">\n        <img loading=\"lazy\" decoding=\"async\" width=\"874\" height=\"423\" src=\"https:\/\/panamei.com\/wp-content\/uploads\/2022\/03\/products_07_n.png\" class=\"attachment-full size-full\" alt=\"\" srcset=\"https:\/\/panamei.com\/wp-content\/uploads\/2022\/03\/products_07_n.png 874w, https:\/\/panamei.com\/wp-content\/uploads\/2022\/03\/products_07_n-300x145.png 300w, https:\/\/panamei.com\/wp-content\/uploads\/2022\/03\/products_07_n-768x372.png 768w, https:\/\/panamei.com\/wp-content\/uploads\/2022\/03\/products_07_n-24x12.png 24w, https:\/\/panamei.com\/wp-content\/uploads\/2022\/03\/products_07_n-36x17.png 36w, https:\/\/panamei.com\/wp-content\/uploads\/2022\/03\/products_07_n-60x29.png 60w, https:\/\/panamei.com\/wp-content\/uploads\/2022\/03\/products_07_n-800x387.png 800w\" sizes=\"auto, (max-width: 874px) 100vw, 874px\" \/>            <\/a>\n    <\/div>\n<\/div><div class=\"col-md-6    panamei_div_text_right_fish border2 text-default small-screen-default\"  ><!--  \/partials\/shortcodes\/column-text.php   -->\n<div class=\"col-text-1 text-normal dblue helveticamed element-top-0 element-bottom-0\" data-os-animation=\"none\" data-os-animation-delay=\"0s\">\n    <h2>PESCADOS<\/h2>\n<\/div><!--  \/partials\/shortcodes\/column-text.php   -->\n<div class=\"col-text-1 text-normal  element-top-0 element-bottom-0\" data-os-animation=\"none\" data-os-animation-delay=\"0s\">\n    <p>Descubra nuestra amplia variedad de pescados, incluyendo pescado entero, filetes, porciones y \u00abnuggets\u00bb.<\/p>\n<\/div><a href=\"https:\/\/panamei.com\/product-category\/fish\/\" class=\"btn btn-primary   text-normal   element-left-0 element-right-0 element-top-0 element-bottom-0\" target=\"_self\"   data-os-animation=\"none\" data-os-animation-delay=\"0s\">\n\t    Ver todos los productos     <\/a><div class=\"divider-wrapper \" style=\"visibility:hidden;background-color:#FFFFFF\">\n    <div class=\"visible-xs\" style=\"height:24px;\"><\/div>\n    <div class=\"visible-sm\" style=\"height:24px;\"><\/div>\n    <div class=\"visible-md\" style=\"height:15px;\"><\/div>\n    <div class=\"visible-lg\" style=\"height:15px;\"><\/div>\n<\/div><\/div>        <\/div>\n    <\/div>\n<\/section><section class=\"section border3 text-normal section-text-no-shadow section-inner-no-shadow section-normal section-opaque\" >\n    \n    <div class=\"background-overlay grid-overlay-0 \" style=\"background-color: rgba(0,0,0,0);\"><\/div>\n\n    <div class=\"container container-vertical-default\">\n        <div class=\"row vertical-default\">\n            <div class=\"col-md-6    panamei_div_text_left text-default small-screen-default\"  ><!--  \/partials\/shortcodes\/column-text.php   -->\n<div class=\"col-text-1 text-normal dblue helveticamed element-top-0 element-bottom-0\" data-os-animation=\"none\" data-os-animation-delay=\"0s\">\n    <h2>CAMARONES<\/h2>\n<\/div><!--  \/partials\/shortcodes\/column-text.php   -->\n<div class=\"col-text-1 text-normal  element-top-0 element-bottom-0\" data-os-animation=\"none\" data-os-animation-delay=\"0s\">\n    <p>Nuestra lista de productos incluye camar\u00f3n cocido, f\u00e1cil de pelar, y muchos m\u00e1s.<\/p>\n<\/div><a href=\"https:\/\/panamei.com\/product-category\/shrimp\/\" class=\"btn btn-primary   text-normal   element-left-0 element-right-0 element-top-0 element-bottom-0\" target=\"_self\"   data-os-animation=\"none\" data-os-animation-delay=\"0s\">\n\t    Ver todos los productos     <\/a><div class=\"divider-wrapper \" style=\"visibility:hidden;background-color:#FFFFFF\">\n    <div class=\"visible-xs\" style=\"height:24px;\"><\/div>\n    <div class=\"visible-sm\" style=\"height:24px;\"><\/div>\n    <div class=\"visible-md\" style=\"height:15px;\"><\/div>\n    <div class=\"visible-lg\" style=\"height:15px;\"><\/div>\n<\/div><\/div><div class=\"col-md-6    prodimg_div border3 text-default small-screen-default\"  ><div class=\"figure element-top-30 element-bottom-70   os-animation\" data-os-animation=\"fadeInRight\" data-os-animation-delay=\"0s\">\n            <a href=\"https:\/\/panamei.com\/product-category\/shrimp\/\" class=\"figure-image \" target=\"_self\">\n        <img loading=\"lazy\" decoding=\"async\" width=\"913\" height=\"439\" src=\"https:\/\/panamei.com\/wp-content\/uploads\/2022\/03\/products_11.png\" class=\"attachment-full size-full\" alt=\"\" srcset=\"https:\/\/panamei.com\/wp-content\/uploads\/2022\/03\/products_11.png 913w, https:\/\/panamei.com\/wp-content\/uploads\/2022\/03\/products_11-300x144.png 300w, https:\/\/panamei.com\/wp-content\/uploads\/2022\/03\/products_11-768x369.png 768w, https:\/\/panamei.com\/wp-content\/uploads\/2022\/03\/products_11-24x12.png 24w, https:\/\/panamei.com\/wp-content\/uploads\/2022\/03\/products_11-36x17.png 36w, https:\/\/panamei.com\/wp-content\/uploads\/2022\/03\/products_11-60x29.png 60w, https:\/\/panamei.com\/wp-content\/uploads\/2022\/03\/products_11-800x385.png 800w\" sizes=\"auto, (max-width: 913px) 100vw, 913px\" \/>            <\/a>\n    <\/div>\n<\/div>        <\/div>\n    <\/div>\n<\/section><section class=\"section  text-normal section-text-no-shadow section-inner-no-shadow section-normal section-opaque\" >\n    \n    <div class=\"background-overlay grid-overlay-0 \" style=\"background-color: rgba(0,0,0,0);\"><\/div>\n\n    <div class=\"container container-vertical-default\">\n        <div class=\"row vertical-default\">\n            <div class=\"col-md-6    prodimg_div text-default small-screen-default\"  ><div class=\"figure element-top-20 element-bottom-40   os-animation\" data-os-animation=\"fadeInLeft\" data-os-animation-delay=\"0s\">\n            <a href=\"https:\/\/panamei.com\/product-category\/shellfish\/\" class=\"figure-image \" target=\"_self\">\n        <img loading=\"lazy\" decoding=\"async\" width=\"820\" height=\"427\" src=\"https:\/\/panamei.com\/wp-content\/uploads\/2022\/03\/products_15.png\" class=\"attachment-full size-full\" alt=\"\" srcset=\"https:\/\/panamei.com\/wp-content\/uploads\/2022\/03\/products_15.png 820w, https:\/\/panamei.com\/wp-content\/uploads\/2022\/03\/products_15-300x156.png 300w, https:\/\/panamei.com\/wp-content\/uploads\/2022\/03\/products_15-768x400.png 768w, https:\/\/panamei.com\/wp-content\/uploads\/2022\/03\/products_15-24x12.png 24w, https:\/\/panamei.com\/wp-content\/uploads\/2022\/03\/products_15-36x19.png 36w, https:\/\/panamei.com\/wp-content\/uploads\/2022\/03\/products_15-60x31.png 60w, https:\/\/panamei.com\/wp-content\/uploads\/2022\/03\/products_15-800x417.png 800w\" sizes=\"auto, (max-width: 820px) 100vw, 820px\" \/>            <\/a>\n    <\/div>\n<\/div><div class=\"col-md-6    panamei_div_text_right border4 text-default small-screen-default\"  ><!--  \/partials\/shortcodes\/column-text.php   -->\n<div class=\"col-text-1 text-normal dblue helveticamed element-top-0 element-bottom-0\" data-os-animation=\"none\" data-os-animation-delay=\"0s\">\n    <h2>CRUST\u00c1CEOS<\/h2>\n<\/div><!--  \/partials\/shortcodes\/column-text.php   -->\n<div class=\"col-text-1 text-normal  element-top-0 element-bottom-0\" data-os-animation=\"none\" data-os-animation-delay=\"0s\">\n    <p>Descubra nuestra exquisita variedad de productos que incluyen cangrejo, almejas, mejillones y otros mariscos.<\/p>\n<\/div><a href=\"https:\/\/panamei.com\/product-category\/shellfish\/\" class=\"btn btn-primary   text-normal   element-left-0 element-right-0 element-top-0 element-bottom-0\" target=\"_self\"   data-os-animation=\"none\" data-os-animation-delay=\"0s\">\n\t    Ver todos los productos     <\/a><div class=\"divider-wrapper \" style=\"visibility:hidden;background-color:#FFFFFF\">\n    <div class=\"visible-xs\" style=\"height:24px;\"><\/div>\n    <div class=\"visible-sm\" style=\"height:24px;\"><\/div>\n    <div class=\"visible-md\" style=\"height:15px;\"><\/div>\n    <div class=\"visible-lg\" style=\"height:15px;\"><\/div>\n<\/div><\/div>        <\/div>\n    <\/div>\n<\/section><section class=\"section  text-normal section-text-no-shadow section-inner-no-shadow section-normal section-opaque\" >\n    \n    <div class=\"background-overlay grid-overlay-0 \" style=\"background-color: rgba(0,0,0,0);\"><\/div>\n\n    <div class=\"container container-vertical-default\">\n        <div class=\"row vertical-default\">\n            <div class=\"col-md-6    panamei_div_text_left text-default small-screen-default\"  ><!--  \/partials\/shortcodes\/column-text.php   -->\n<div class=\"col-text-1 text-normal dblue helveticamed element-top-0 element-bottom-0\" data-os-animation=\"none\" data-os-animation-delay=\"0s\">\n    <h2>MARISCOS<\/h2>\n<\/div><!--  \/partials\/shortcodes\/column-text.php   -->\n<div class=\"col-text-1 text-normal  element-top-0 element-bottom-0\" data-os-animation=\"none\" data-os-animation-delay=\"0s\">\n    <p>Echa un vistazo a nuestra selecci\u00f3n de pulpo, calamares, mariscada y mucho m\u00e1s.<\/p>\n<\/div><a href=\"https:\/\/panamei.com\/product-category\/seafood\/\" class=\"btn btn-primary   text-normal   element-left-0 element-right-0 element-top-0 element-bottom-0\" target=\"_self\"   data-os-animation=\"none\" data-os-animation-delay=\"0s\">\n\t    Ver todos los productos     <\/a><div class=\"divider-wrapper \" style=\"visibility:hidden;background-color:#FFFFFF\">\n    <div class=\"visible-xs\" style=\"height:24px;\"><\/div>\n    <div class=\"visible-sm\" style=\"height:24px;\"><\/div>\n    <div class=\"visible-md\" style=\"height:15px;\"><\/div>\n    <div class=\"visible-lg\" style=\"height:15px;\"><\/div>\n<\/div><\/div><div class=\"col-md-6    prodimg_div border5 text-default small-screen-default\"  ><div class=\"figure element-top-50 element-bottom-20   os-animation\" data-os-animation=\"fadeInRight\" data-os-animation-delay=\"0s\">\n            <a href=\"https:\/\/panamei.com\/product-category\/seafood\/\" class=\"figure-image \" target=\"_self\">\n        <img loading=\"lazy\" decoding=\"async\" width=\"879\" height=\"442\" src=\"https:\/\/panamei.com\/wp-content\/uploads\/2022\/03\/seafood-1.png\" class=\"attachment-full size-full\" alt=\"\" srcset=\"https:\/\/panamei.com\/wp-content\/uploads\/2022\/03\/seafood-1.png 879w, https:\/\/panamei.com\/wp-content\/uploads\/2022\/03\/seafood-1-300x151.png 300w, https:\/\/panamei.com\/wp-content\/uploads\/2022\/03\/seafood-1-768x386.png 768w, https:\/\/panamei.com\/wp-content\/uploads\/2022\/03\/seafood-1-24x12.png 24w, https:\/\/panamei.com\/wp-content\/uploads\/2022\/03\/seafood-1-36x18.png 36w, https:\/\/panamei.com\/wp-content\/uploads\/2022\/03\/seafood-1-60x30.png 60w, https:\/\/panamei.com\/wp-content\/uploads\/2022\/03\/seafood-1-800x402.png 800w\" sizes=\"auto, (max-width: 879px) 100vw, 879px\" \/>            <\/a>\n    <\/div>\n<\/div>        <\/div>\n    <\/div>\n<\/section><section class=\"section  text-normal section-text-no-shadow section-inner-no-shadow section-normal section-opaque\" >\n    \n    <div class=\"background-overlay grid-overlay-0 \" style=\"background-color: rgba(0,0,0,0);\"><\/div>\n\n    <div class=\"container container-vertical-default\">\n        <div class=\"row vertical-default\">\n            <div class=\"col-md-6    prodimg_div text-default small-screen-default\"  ><div class=\"figure element-top-60 element-bottom-20   os-animation\" data-os-animation=\"fadeInLeft\" data-os-animation-delay=\"0s\">\n            <a href=\"https:\/\/panamei.com\/product-category\/breaded\/\" class=\"figure-image \" target=\"_self\">\n        <img loading=\"lazy\" decoding=\"async\" width=\"920\" height=\"496\" src=\"https:\/\/panamei.com\/wp-content\/uploads\/2022\/03\/breaded-products_03.png\" class=\"attachment-full size-full\" alt=\"\" srcset=\"https:\/\/panamei.com\/wp-content\/uploads\/2022\/03\/breaded-products_03.png 920w, https:\/\/panamei.com\/wp-content\/uploads\/2022\/03\/breaded-products_03-300x162.png 300w, https:\/\/panamei.com\/wp-content\/uploads\/2022\/03\/breaded-products_03-768x414.png 768w, https:\/\/panamei.com\/wp-content\/uploads\/2022\/03\/breaded-products_03-24x13.png 24w, https:\/\/panamei.com\/wp-content\/uploads\/2022\/03\/breaded-products_03-36x19.png 36w, https:\/\/panamei.com\/wp-content\/uploads\/2022\/03\/breaded-products_03-60x32.png 60w, https:\/\/panamei.com\/wp-content\/uploads\/2022\/03\/breaded-products_03-800x431.png 800w\" sizes=\"auto, (max-width: 920px) 100vw, 920px\" \/>            <\/a>\n    <\/div>\n<\/div><div class=\"col-md-6    panamei_div_text_right_breaded border6 text-default small-screen-default\"  ><!--  \/partials\/shortcodes\/column-text.php   -->\n<div class=\"col-text-1 text-normal dblue helveticamed element-top-0 element-bottom-0\" data-os-animation=\"none\" data-os-animation-delay=\"0s\">\n    <h2>EMPANADOS<\/h2>\n<\/div><!--  \/partials\/shortcodes\/column-text.php   -->\n<div class=\"col-text-1 text-normal  element-top-0 element-bottom-0\" data-os-animation=\"none\" data-os-animation-delay=\"0s\">\n    <p>Nuestra l\u00ednea de productos empanados ofrece opciones r\u00e1pidas, f\u00e1ciles y deliciosas; listos para cocinar y servir.<\/p>\n<\/div><a href=\"https:\/\/panamei.com\/product-category\/breaded\/\" class=\"btn btn-primary   text-normal   element-left-0 element-right-0 element-top-0 element-bottom-0\" target=\"_self\"   data-os-animation=\"none\" data-os-animation-delay=\"0s\">\n\t    Ver todos los productos     <\/a><div class=\"divider-wrapper \" style=\"visibility:hidden;background-color:#FFFFFF\">\n    <div class=\"visible-xs\" style=\"height:24px;\"><\/div>\n    <div class=\"visible-sm\" style=\"height:24px;\"><\/div>\n    <div class=\"visible-md\" style=\"height:15px;\"><\/div>\n    <div class=\"visible-lg\" style=\"height:15px;\"><\/div>\n<\/div><\/div>        <\/div>\n    <\/div>\n<\/section><section class=\"section  text-normal section-text-no-shadow section-inner-no-shadow section-normal section-opaque\" >\n    \n    <div class=\"background-overlay grid-overlay-0 \" style=\"background-color: rgba(0,0,0,0);\"><\/div>\n\n    <div class=\"container container-vertical-default\">\n        <div class=\"row vertical-default\">\n            <div class=\"col-md-12     text-default small-screen-default\"  ><div class=\"divider-wrapper \" style=\"visibility:hidden;background-color:#FFFFFF\">\n    <div class=\"visible-xs\" style=\"height:24px;\"><\/div>\n    <div class=\"visible-sm\" style=\"height:24px;\"><\/div>\n    <div class=\"visible-md\" style=\"height:50px;\"><\/div>\n    <div class=\"visible-lg\" style=\"height:50px;\"><\/div>\n<\/div><\/div>        <\/div>\n    <\/div>\n<\/section><\/p>","protected":false},"excerpt":{"rendered":"<p>Disculpa, pero esta entrada est\u00e1 disponible s\u00f3lo en English.<\/p>\n","protected":false},"author":12,"featured_media":0,"parent":0,"menu_order":0,"comment_status":"closed","ping_status":"closed","template":"","meta":{"wprm-recipe-roundup-name":"","wprm-recipe-roundup-description":"","footnotes":""},"class_list":["post-195","page","type-page","status-publish","hentry"],"_links":{"self":[{"href":"https:\/\/panamei.com\/es\/wp-json\/wp\/v2\/pages\/195","targetHints":{"allow":["GET"]}}],"collection":[{"href":"https:\/\/panamei.com\/es\/wp-json\/wp\/v2\/pages"}],"about":[{"href":"https:\/\/panamei.com\/es\/wp-json\/wp\/v2\/types\/page"}],"author":[{"embeddable":true,"href":"https:\/\/panamei.com\/es\/wp-json\/wp\/v2\/users\/12"}],"replies":[{"embeddable":true,"href":"https:\/\/panamei.com\/es\/wp-json\/wp\/v2\/comments?post=195"}],"version-history":[{"count":84,"href":"https:\/\/panamei.com\/es\/wp-json\/wp\/v2\/pages\/195\/revisions"}],"predecessor-version":[{"id":6003,"href":"https:\/\/panamei.com\/es\/wp-json\/wp\/v2\/pages\/195\/revisions\/6003"}],"wp:attachment":[{"href":"https:\/\/panamei.com\/es\/wp-json\/wp\/v2\/media?parent=195"}],"curies":[{"name":"wp","href":"https:\/\/api.w.org\/{rel}","templated":true}]}}