{"id":23,"date":"2017-02-21T14:51:44","date_gmt":"2017-02-21T14:51:44","guid":{"rendered":"http:\/\/popbetaserver.com\/projects\/panamei\/?page_id=23"},"modified":"2018-08-17T14:33:12","modified_gmt":"2018-08-17T14:33:12","slug":"retail-sales","status":"publish","type":"page","link":"https:\/\/panamei.com\/es\/retail-sales\/","title":{"rendered":"Retail Sales"},"content":{"rendered":"<p><section class=\"section  text-normal section-text-no-shadow section-inner-no-shadow section-normal section-opaque\" >\n            <div class=\"background-media\" style=\"background-image: url(&#039;https:\/\/panamei.com\/wp-content\/uploads\/2017\/02\/retailbg.jpg&#039;); background-repeat:no-repeat; background-size:cover; background-attachment:fixed; background-position: 50% 0%;\" >\n                    <\/div>\n    \n    <div class=\"background-overlay grid-overlay-0 \" style=\"background-color: rgba(0,0,0,0);\"><\/div>\n\n    <div class=\"container container-vertical-default\">\n        <div class=\"row vertical-default\">\n            <div class=\"col-md-12     text-center small-screen-default\"  ><div class=\"divider-wrapper \" style=\"visibility:hidden;background-color:#FFFFFF\">\n    <div class=\"visible-xs\" style=\"height:24px;\"><\/div>\n    <div class=\"visible-sm\" style=\"height:24px;\"><\/div>\n    <div class=\"visible-md\" style=\"height:100px;\"><\/div>\n    <div class=\"visible-lg\" style=\"height:100px;\"><\/div>\n<\/div><!--  \/partials\/shortcodes\/column-text.php   -->\n<div class=\"col-text-1 text-light hypatiabanner element-top-0 element-bottom-0\" data-os-animation=\"none\" data-os-animation-delay=\"0s\">\n    <h1>VENTAS AL POR MENOR<\/h1>\n<\/div><div class=\"figure element-top-0 element-bottom-0  \" data-os-animation=\"none\" data-os-animation-delay=\"0s\">\n            <span class=\"figure-image\">\n        <img loading=\"lazy\" decoding=\"async\" width=\"395\" height=\"46\" src=\"https:\/\/panamei.com\/wp-content\/uploads\/2017\/03\/linebannerleft.png\" class=\"attachment-full size-full\" alt=\"\" srcset=\"https:\/\/panamei.com\/wp-content\/uploads\/2017\/03\/linebannerleft.png 395w, https:\/\/panamei.com\/wp-content\/uploads\/2017\/03\/linebannerleft-300x35.png 300w\" sizes=\"auto, (max-width: 395px) 100vw, 395px\" \/>            <\/span>\n    <\/div>\n<!--  \/partials\/shortcodes\/column-text.php   -->\n<div class=\"col-text-1 text-light banner_sub element-top-0 element-bottom-0\" data-os-animation=\"none\" data-os-animation-delay=\"0s\">\n    <p>Nuestra extensa l\u00ednea de pescados y mariscos.<\/p>\n<\/div><div class=\"figure element-top-0 element-bottom-0  \" data-os-animation=\"none\" data-os-animation-delay=\"0s\">\n            <span class=\"figure-image\">\n        <img loading=\"lazy\" decoding=\"async\" width=\"359\" height=\"46\" src=\"https:\/\/panamei.com\/wp-content\/uploads\/2017\/03\/linebannerright.png\" class=\"attachment-full size-full\" alt=\"\" srcset=\"https:\/\/panamei.com\/wp-content\/uploads\/2017\/03\/linebannerright.png 359w, https:\/\/panamei.com\/wp-content\/uploads\/2017\/03\/linebannerright-300x38.png 300w\" sizes=\"auto, (max-width: 359px) 100vw, 359px\" \/>            <\/span>\n    <\/div>\n<div class=\"divider-wrapper \" style=\"visibility:hidden;background-color:#FFFFFF\">\n    <div class=\"visible-xs\" style=\"height:24px;\"><\/div>\n    <div class=\"visible-sm\" style=\"height:24px;\"><\/div>\n    <div class=\"visible-md\" style=\"height:100px;\"><\/div>\n    <div class=\"visible-lg\" style=\"height:100px;\"><\/div>\n<\/div><\/div>        <\/div>\n    <\/div>\n<\/section><section class=\"section  text-normal section-text-no-shadow section-inner-no-shadow section-normal section-opaque\" id=\"retail_section1\" >\n    \n    <div class=\"background-overlay grid-overlay-0 \" style=\"background-color: rgba(0,0,0,0);\"><\/div>\n\n    <div class=\"container container-vertical-default\">\n        <div class=\"row vertical-default\">\n            <div class=\"col-md-6     text-default small-screen-default\"  ><!--  \/partials\/shortcodes\/column-text.php   -->\n<div class=\"col-text-1 text-normal dblue helveticamed element-top-20 element-bottom-20\" data-os-animation=\"none\" data-os-animation-delay=\"0s\">\n    <h2>Qui\u00e9nes Somos<\/h2>\n<\/div><!--  \/partials\/shortcodes\/column-text.php   -->\n<div class=\"col-text-1 text-normal  element-top-20 element-bottom-20\" data-os-animation=\"none\" data-os-animation-delay=\"0s\">\n    <p>Panamei Seafood es importador directo y distribuidor de pescados y mariscos en el sureste de Estados Unidos y Latinoam\u00e9rica. Con m\u00e1s de 50 a\u00f1os de experiencia, trabajamos directamente con productores de todas partes del mundo acreditados en la industria de mariscos para ofrecer a nuestros clientes la calidad y versatilidad de una amplia variedad de pescados y mariscos congelados y refrigerados.<\/p>\n<\/div><\/div><div class=\"col-md-6     text-default small-screen-default\"  ><div class=\"figure element-top-20 element-bottom-20  \" data-os-animation=\"none\" data-os-animation-delay=\"0s\">\n            <span class=\"figure-image\">\n        <img loading=\"lazy\" decoding=\"async\" width=\"746\" height=\"365\" src=\"https:\/\/panamei.com\/wp-content\/uploads\/2017\/02\/40years.jpg\" class=\"attachment-full size-full\" alt=\"\" srcset=\"https:\/\/panamei.com\/wp-content\/uploads\/2017\/02\/40years.jpg 746w, https:\/\/panamei.com\/wp-content\/uploads\/2017\/02\/40years-300x147.jpg 300w\" sizes=\"auto, (max-width: 746px) 100vw, 746px\" \/>            <\/span>\n    <\/div>\n<\/div>        <\/div>\n    <\/div>\n<\/section><section class=\"section  text-normal section-text-no-shadow section-inner-no-shadow section-normal section-opaque\" id=\"panamei_blue\" >\n    \n    <div class=\"background-overlay grid-overlay-0 \" style=\"background-color: rgba(0,0,0,0);\"><\/div>\n\n    <div class=\"container container-vertical-middle\">\n        <div class=\"row vertical-middle\">\n            <div class=\"col-md-6     text-default small-screen-default\"  ><div class=\"figure element-top-20 element-bottom-20  \" data-os-animation=\"none\" data-os-animation-delay=\"0s\">\n            <span class=\"figure-image\">\n        <img loading=\"lazy\" decoding=\"async\" width=\"883\" height=\"416\" src=\"https:\/\/panamei.com\/wp-content\/uploads\/2017\/02\/panameiprogram-1.png\" class=\"attachment-full size-full\" alt=\"\" srcset=\"https:\/\/panamei.com\/wp-content\/uploads\/2017\/02\/panameiprogram-1.png 883w, https:\/\/panamei.com\/wp-content\/uploads\/2017\/02\/panameiprogram-1-300x141.png 300w, https:\/\/panamei.com\/wp-content\/uploads\/2017\/02\/panameiprogram-1-768x362.png 768w, https:\/\/panamei.com\/wp-content\/uploads\/2017\/02\/panameiprogram-1-800x377.png 800w\" sizes=\"auto, (max-width: 883px) 100vw, 883px\" \/>            <\/span>\n    <\/div>\n<\/div><div class=\"col-md-6     text-default small-screen-default\"  ><!--  \/partials\/shortcodes\/column-text.php   -->\n<div class=\"col-text-1 text-light helveticamed element-top-20 element-bottom-20\" data-os-animation=\"none\" data-os-animation-delay=\"0s\">\n    <h2>PROGRAMA DE PESCADOS<br \/>\nY MARISCOS PANAMEI<\/h2>\n<\/div><!--  \/partials\/shortcodes\/column-text.php   -->\n<div class=\"col-text-1 text-light  element-top-20 element-bottom-20\" data-os-animation=\"none\" data-os-animation-delay=\"0s\">\n    <p>Panamei ofrece a sus clientes una amplia l\u00ednea de pescados y mariscos congelados y refrigerados, con un empaque atractivo y mucha visibilidad del producto para mostrar la calidad. Panamei tambi\u00e9n ofrece programas promocionales y de mercadeo para ayudarles a maximizar las oportunidades de ventas.<\/p>\n<\/div><a href=\"https:\/\/panamei.com\/products\/\" class=\"btn btn-default   text-normal   element-left-0 element-right-0 element-top-20 element-bottom-20\" target=\"_self\"   data-os-animation=\"none\" data-os-animation-delay=\"0s\">\n\t    Ver todos los productos     <\/a><\/div>        <\/div>\n    <\/div>\n<\/section><section class=\"section  text-normal section-text-no-shadow section-inner-no-shadow section-normal section-opaque\" >\n            <div class=\"background-media\" style=\"background-image: url(&#039;https:\/\/panamei.com\/wp-content\/uploads\/2017\/02\/panameiprods.jpg&#039;); background-repeat:no-repeat; background-size:cover; background-attachment:fixed; background-position: 50% 0%;\" >\n                    <\/div>\n    \n    <div class=\"background-overlay grid-overlay-0 \" style=\"background-color: rgba(0,0,0,0);\"><\/div>\n\n    <div class=\"container-fullwidth container-vertical-default\">\n        <div class=\"row vertical-default\">\n            <div class=\"col-md-6     text-default small-screen-default\"  ><div class=\"row transblue\"><div class=\"col-md-12     text-default small-screen-default\"  ><!--  \/partials\/shortcodes\/column-text.php   -->\n<div class=\"col-text-1 text-light helveticamed element-top-20 element-bottom-20\" data-os-animation=\"none\" data-os-animation-delay=\"0s\">\n    <h2>\u00bfDE D\u00d3NDE VIENEN NUESTROS PRODUCTOS?<\/h2>\n<\/div><!--  \/partials\/shortcodes\/column-text.php   -->\n<div class=\"col-text-1 text-light lorafont element-top-20 element-bottom-20\" data-os-animation=\"none\" data-os-animation-delay=\"0s\">\n    <p>De cultivo o de pesca salvaje.<\/p>\n<\/div><!--  \/partials\/shortcodes\/column-text.php   -->\n<div class=\"col-text-1 text-light  element-top-20 element-bottom-20\" data-os-animation=\"none\" data-os-animation-delay=\"0s\">\n    <p>Los productos Panamei\u00ae son producidos por cultivadores de mariscos y empacadores de pescados y mariscos acreditados por los m\u00e1s altos est\u00e1ndares de calidad. En el reverso de cada empaque Panamei\u00ae se encuentra una declaraci\u00f3n acerca del producto: si es de cultivo o pesca salvaje, y de qu\u00e9 pa\u00eds proviene. El empaque Panamei cumple y excede todos los requisitos establecidos por la ley federal de Estados Unidos y lo hacemos con orgullo.<\/p>\n<\/div><\/div><\/div><\/div><div class=\"col-md-6     text-default small-screen-default\"  ><\/div>        <\/div>\n    <\/div>\n<\/section><section class=\"section  text-normal section-text-no-shadow section-inner-no-shadow section-normal section-opaque\" id=\"retail_blue\" >\n    \n    <div class=\"background-overlay grid-overlay-0 \" style=\"background-color: rgba(0,0,0,0);\"><\/div>\n\n    <div class=\"container container-vertical-default\">\n        <div class=\"row vertical-default\">\n            <div class=\"col-md-6     text-default small-screen-default\"  ><\/div><div class=\"col-md-6     text-default small-screen-default\"  ><!--  \/partials\/shortcodes\/column-text.php   -->\n<div class=\"col-text-1 text-light helveticamed element-top-20 element-bottom-20\" data-os-animation=\"none\" data-os-animation-delay=\"0s\">\n    <h2>APOYO EN LAS TIENDAS<br \/>\nY MERCADEO HACIA<br \/>\nEL CONSUMIDOR<\/h2>\n<\/div><!--  \/partials\/shortcodes\/column-text.php   -->\n<div class=\"col-text-1 text-light  element-top-20 element-bottom-20\" data-os-animation=\"none\" data-os-animation-delay=\"0s\">\n    <p>Panamei<strong style=\"font-size: small;\">\u00ae <\/strong>ofrece extensos programas promocionales, ayud\u00e1ndole a dar un atractivo especial a su secci\u00f3n de mariscos. Entre las piezas disponibles se encuentran:<\/p>\n<\/div><!--  \/partials\/shortcodes\/column-text.php   -->\n<div class=\"col-text-1 text-light  element-top-20 element-bottom-20\" data-os-animation=\"none\" data-os-animation-delay=\"0s\">\n    <ul>\n<li>Se\u00f1alizadores de producto<\/li>\n<li>Channel Strips<\/li>\n<li>M\u00f3viles<\/li>\n<li>Calcoman\u00edas<\/li>\n<li>Carteles y se\u00f1alizaci\u00f3n<\/li>\n<\/ul>\n<\/div><\/div>        <\/div>\n    <\/div>\n<\/section><section class=\"section  text-normal section-text-no-shadow section-inner-no-shadow section-normal section-opaque\" >\n    \n    <div class=\"background-overlay grid-overlay-0 \" style=\"background-color: rgba(0,0,0,0);\"><\/div>\n\n    <div class=\"container container-vertical-default\">\n        <div class=\"row vertical-default\">\n            <div class=\"col-md-12     text-center small-screen-default\"  ><!--  \/partials\/shortcodes\/column-text.php   -->\n<div class=\"col-text-1 text-normal dblue helveticamed element-top-20 element-bottom-20\" data-os-animation=\"none\" data-os-animation-delay=\"0s\">\n    <h2>\u00a1PERM\u00cdTENOS ATENDER TU PROGRAMA DE MARISCOS!<\/h2>\n<\/div><!--  \/partials\/shortcodes\/column-text.php   -->\n<div class=\"col-text-1 text-normal  element-top-20 element-bottom-20\" data-os-animation=\"none\" data-os-animation-delay=\"0s\">\n    <p>H\u00e1blanos de tus metas y desaf\u00edos, te ayudaremos a elegir los productos adecuados y dise\u00f1aremos un programa personalizado para tu negocio.<\/p>\n<\/div><a href=\"https:\/\/panamei.com\/contact\/\" class=\"btn btn-primary   text-normal   element-left-0 element-right-0 element-top-20 element-bottom-20\" target=\"_self\"   data-os-animation=\"none\" data-os-animation-delay=\"0s\">\n\t    Cont\u00e1ctenos     <\/a><div class=\"divider-wrapper \" style=\"visibility:hidden;background-color:#FFFFFF\">\n    <div class=\"visible-xs\" style=\"height:24px;\"><\/div>\n    <div class=\"visible-sm\" style=\"height:24px;\"><\/div>\n    <div class=\"visible-md\" style=\"height:30px;\"><\/div>\n    <div class=\"visible-lg\" style=\"height:30px;\"><\/div>\n<\/div><\/div>        <\/div>\n    <\/div>\n<\/section><\/p>","protected":false},"excerpt":{"rendered":"VENTAS AL POR MENOR Nuestra extensa l\u00ednea de pescados y mariscos. Qui\u00e9nes Somos Panamei Seafood es importador directo y distribuidor de pescados y mariscos en el sureste de Estados Unidos y Latinoam\u00e9rica. Con m\u00e1s de 50 a\u00f1os de experiencia, trabajamos directamente con productores de todas partes del mundo acreditados en la industria de mariscos para","protected":false},"author":12,"featured_media":0,"parent":0,"menu_order":0,"comment_status":"closed","ping_status":"closed","template":"page-recipes.php","meta":{"wprm-recipe-roundup-name":"","wprm-recipe-roundup-description":"","footnotes":""},"class_list":["post-23","page","type-page","status-publish","hentry"],"_links":{"self":[{"href":"https:\/\/panamei.com\/es\/wp-json\/wp\/v2\/pages\/23","targetHints":{"allow":["GET"]}}],"collection":[{"href":"https:\/\/panamei.com\/es\/wp-json\/wp\/v2\/pages"}],"about":[{"href":"https:\/\/panamei.com\/es\/wp-json\/wp\/v2\/types\/page"}],"author":[{"embeddable":true,"href":"https:\/\/panamei.com\/es\/wp-json\/wp\/v2\/users\/12"}],"replies":[{"embeddable":true,"href":"https:\/\/panamei.com\/es\/wp-json\/wp\/v2\/comments?post=23"}],"version-history":[{"count":49,"href":"https:\/\/panamei.com\/es\/wp-json\/wp\/v2\/pages\/23\/revisions"}],"predecessor-version":[{"id":3539,"href":"https:\/\/panamei.com\/es\/wp-json\/wp\/v2\/pages\/23\/revisions\/3539"}],"wp:attachment":[{"href":"https:\/\/panamei.com\/es\/wp-json\/wp\/v2\/media?parent=23"}],"curies":[{"name":"wp","href":"https:\/\/api.w.org\/{rel}","templated":true}]}}