{"id":310,"date":"2017-02-22T14:51:50","date_gmt":"2017-02-22T14:51:50","guid":{"rendered":"http:\/\/popbetaserver.com\/projects\/panamei\/?page_id=310"},"modified":"2024-01-30T20:42:31","modified_gmt":"2024-01-30T20:42:31","slug":"quality-sustainability","status":"publish","type":"page","link":"https:\/\/panamei.com\/es\/quality-sustainability\/","title":{"rendered":"Control de calidad"},"content":{"rendered":"<p><section class=\"section  text-normal section-text-no-shadow section-inner-no-shadow section-normal section-opaque\" >\n            <div class=\"background-media\" style=\"background-image: url(&#039;https:\/\/panamei.com\/wp-content\/uploads\/2017\/02\/qualitybanner.jpg&#039;); background-repeat:no-repeat; background-size:cover; background-attachment:fixed; background-position: 50% 0%;\" >\n                    <\/div>\n    \n    <div class=\"background-overlay grid-overlay-0 \" style=\"background-color: rgba(0,0,0,0);\"><\/div>\n\n    <div class=\"container container-vertical-default\">\n        <div class=\"row vertical-default\">\n            <div class=\"col-md-12     text-center small-screen-default\"  ><!--  \/partials\/shortcodes\/column-text.php   -->\n<div class=\"col-text-1 text-light hypatiabanner element-top-150 element-bottom-150\" data-os-animation=\"none\" data-os-animation-delay=\"0s\">\n    <h1>CALIDAD Y SOSTENIBILIDAD<\/h1>\n<\/div><\/div>        <\/div>\n    <\/div>\n<\/section><section class=\"section  text-normal section-text-no-shadow section-inner-no-shadow section-normal section-opaque\" id=\"quality_section1\" >\n    \n    <div class=\"background-overlay grid-overlay-0 \" style=\"background-color: rgba(0,0,0,0);\"><\/div>\n\n    <div class=\"container container-vertical-default\">\n        <div class=\"row vertical-default\">\n            <div class=\"col-md-12     text-center small-screen-default\"  ><!--  \/partials\/shortcodes\/column-text.php   -->\n<div class=\"col-text-1 text-normal dblue helveticamed element-top-20 element-bottom-20\" data-os-animation=\"none\" data-os-animation-delay=\"0s\">\n    <h2>CONTROL DE CALIDAD, CERTIFICACIONES DE CUMPLIMIENTO Y H.A.C.C.P.<\/h2>\n<\/div><!--  \/partials\/shortcodes\/column-text.php   -->\n<div class=\"col-text-1 text-normal  element-top-20 element-bottom-20\" data-os-animation=\"none\" data-os-animation-delay=\"0s\">\n    <p>Nuestro equipo de gesti\u00f3n de calidad est\u00e1 certificado bajo normas internacionalmente reconocidas y tiene m\u00e1s de 50 a\u00f1os de experiencia en el control de calidad alimentaria y responsabilidad social.<\/p>\n<\/div><\/div>        <\/div>\n    <\/div>\n<\/section><section class=\"section  text-normal section-text-no-shadow section-inner-no-shadow section-normal section-opaque\" id=\"quality_section2\" >\n            <div class=\"background-media\" style=\"background-image: url(&#039;https:\/\/panamei.com\/wp-content\/uploads\/2017\/02\/accreditationsbg.jpg&#039;); background-repeat:no-repeat; background-size:cover; background-attachment:fixed; background-position: 50% 0%;\" >\n                    <\/div>\n    \n    <div class=\"background-overlay grid-overlay-0 \" style=\"background-color: rgba(0,0,0,0);\"><\/div>\n\n    <div class=\"container container-vertical-default\">\n        <div class=\"row vertical-default\">\n            <div class=\"col-md-12     text-default small-screen-default\"  ><!--  \/partials\/shortcodes\/column-text.php   -->\n<div class=\"col-text-1 text-light helveticamed element-top-20 element-bottom-20\" data-os-animation=\"none\" data-os-animation-delay=\"0s\">\n    <h2 style=\"text-align: center;\">CERTIFICACIONES<\/h2>\n<\/div><!--  \/partials\/shortcodes\/column-text.php   -->\n<div class=\"col-text-1 text-light lorafont element-top-0 element-bottom-30\" data-os-animation=\"none\" data-os-animation-delay=\"0s\">\n    <p style=\"text-align: center;\">Abajo listamos nuestras certificaciones reconocidas por la industria.<\/p>\n<\/div><div class=\"row \"><div class=\"col-md-6     text-default small-screen-default\"  ><!--  \/partials\/shortcodes\/column-text.php   -->\n<div class=\"col-text-1 text-normal lblue element-top-20 element-bottom-20\" data-os-animation=\"none\" data-os-animation-delay=\"0s\">\n    <p><img decoding=\"async\" src=\"https:\/\/panamei.com\/wp-content\/uploads\/2017\/02\/li16.png\" \/>\u00a0Certificaci\u00f3n SQF Nivel 2 en todos nuestros Centros de Distribuci\u00f3n.<\/p>\n<\/div><!--  \/partials\/shortcodes\/column-text.php   -->\n<div class=\"col-text-1 text-light  element-top-20 element-bottom-20\" data-os-animation=\"none\" data-os-animation-delay=\"0s\">\n    <p style=\"padding-left: 30px;\">Nosotros estamos entre los pocos importadores\/distribuidores de carnes y mariscos en la U.S para ser SQF certificado en nivel 2 en todos los centros de distribuci\u00f3n, reconocido por la iniciativa global de seguridad alimentaria (GFSI).<\/p>\n<\/div><!--  \/partials\/shortcodes\/column-text.php   -->\n<div class=\"col-text-1 text-normal lblue element-top-20 element-bottom-20\" data-os-animation=\"none\" data-os-animation-delay=\"0s\">\n    <p><img decoding=\"async\" src=\"https:\/\/panamei.com\/wp-content\/uploads\/2017\/02\/li16.png\" \/>\u00a0Compradores certificados por ACC-Consejo de Certificaci\u00f3n de la Acuicultura.<\/p>\n<\/div><!--  \/partials\/shortcodes\/column-text.php   -->\n<div class=\"col-text-1 text-light  element-top-20 element-bottom-20\" data-os-animation=\"none\" data-os-animation-delay=\"0s\">\n    <p style=\"padding-left: 30px;\">Certificado por BAP-Best Aquaculture Practices (Mejores Pr\u00e1cticas de la Acuicultura).<\/p>\n<\/div><!--  \/partials\/shortcodes\/column-text.php   -->\n<div class=\"col-text-1 text-normal lblue element-top-20 element-bottom-20\" data-os-animation=\"none\" data-os-animation-delay=\"0s\">\n    <p><img decoding=\"async\" src=\"https:\/\/panamei.com\/wp-content\/uploads\/2017\/02\/li16.png\" \/>\u00a0Proveedores de camarones<\/p>\n<\/div><!--  \/partials\/shortcodes\/column-text.php   -->\n<div class=\"col-text-1 text-light  element-top-20 element-bottom-20\" data-os-animation=\"none\" data-os-animation-delay=\"0s\">\n    <p style=\"padding-left: 30px;\">Todos nuestros proveedores de camar\u00f3n tienen certificaci\u00f3n BAP. 7 f\u00e1bricas tienen certificaci\u00f3n de 2 estrellas.<\/p>\n<\/div><\/div><div class=\"col-md-6     text-default small-screen-default\"  ><!--  \/partials\/shortcodes\/column-text.php   -->\n<div class=\"col-text-1 text-normal lblue element-top-20 element-bottom-20\" data-os-animation=\"none\" data-os-animation-delay=\"0s\">\n    <p><img decoding=\"async\" src=\"https:\/\/panamei.com\/wp-content\/uploads\/2017\/02\/li16.png\" \/>\u00a0Suplidores de Vietnam <\/p>\n<\/div><!--  \/partials\/shortcodes\/column-text.php   -->\n<div class=\"col-text-1 text-light  element-top-20 element-bottom-20\" data-os-animation=\"none\" data-os-animation-delay=\"0s\">\n    <p style=\"padding-left: 30px;\">Cinco f\u00e1bricas con certificaci\u00f3n BAP para Pangasius. Certificaci\u00f3n MSC-Certified Sustainable Seafood para Almejas en la provincia de B\u00ean Tre.<\/p>\n<\/div><div class=\"divider-wrapper \" style=\"visibility:hidden;background-color:#FFFFFF\">\n    <div class=\"visible-xs\" style=\"height:24px;\"><\/div>\n    <div class=\"visible-sm\" style=\"height:24px;\"><\/div>\n    <div class=\"visible-md\" style=\"height:8px;\"><\/div>\n    <div class=\"visible-lg\" style=\"height:8px;\"><\/div>\n<\/div><!--  \/partials\/shortcodes\/column-text.php   -->\n<div class=\"col-text-1 text-normal lblue element-top-20 element-bottom-20\" data-os-animation=\"none\" data-os-animation-delay=\"0s\">\n    <p><img decoding=\"async\" src=\"https:\/\/panamei.com\/wp-content\/uploads\/2017\/02\/li16.png\" \/>\u00a0Suplidores de Tilapia <\/p>\n<\/div><!--  \/partials\/shortcodes\/column-text.php   -->\n<div class=\"col-text-1 text-light  element-top-20 element-bottom-20\" data-os-animation=\"none\" data-os-animation-delay=\"0s\">\n    <p style=\"padding-left: 30px;\">Todos nuestros proveedores de Tilapia tienen certificaci\u00f3n BAP. 18 suplidores est\u00e1n certificados para el Tratamiento (1 estrella), y 12 est\u00e1n certificados para el Cultivo (2 estrellas).<\/p>\n<\/div><!--  \/partials\/shortcodes\/column-text.php   -->\n<div class=\"col-text-1 text-normal lblue element-top-20 element-bottom-20\" data-os-animation=\"none\" data-os-animation-delay=\"0s\">\n    <p><img decoding=\"async\" src=\"https:\/\/panamei.com\/wp-content\/uploads\/2017\/02\/li16.png\" \/>\u00a0Est\u00e1ndares de GFSI<\/p>\n<\/div><!--  \/partials\/shortcodes\/column-text.php   -->\n<div class=\"col-text-1 text-light  element-top-20 element-bottom-20\" data-os-animation=\"none\" data-os-animation-delay=\"0s\">\n    <p style=\"padding-left: 30px;\">Todos nuestros proveedores mantienen r\u00e9cords de auditor\u00eda anual sobre inocuidad ejecutada por entidades independientes basados en delineamientos internacionales establecidos por GFSI-Iniciativa Global de Inocuidad Alimentaria.<\/p>\n<\/div><\/div><\/div><\/div>        <\/div>\n    <\/div>\n<\/section><section class=\"section  text-normal section-text-no-shadow section-inner-no-shadow section-normal section-opaque\" >\n    \n    <div class=\"background-overlay grid-overlay-0 \" style=\"background-color: rgba(0,0,0,0);\"><\/div>\n\n    <div class=\"container container-vertical-default\">\n        <div class=\"row vertical-default\">\n            <div class=\"col-md-12     text-center small-screen-default\"  ><!--  \/partials\/shortcodes\/column-text.php   -->\n<div class=\"col-text-1 text-normal  element-top-50 element-bottom-50\" data-os-animation=\"none\" data-os-animation-delay=\"0s\">\n    <p><ul class=\"kiwi-logo-carousel kiwi-logo-carousel-default default align-center col4\"><li style=\"height:150px;\" ><div class=\"helper\" style=\"height:150px; width:200px;\" ><img decoding=\"async\" src=\"https:\/\/panamei.com\/wp-content\/uploads\/2017\/03\/ASG.png\" alt=\"ASG\" title=\"ASG\" style=\"max-width:200px; padding-left: 0px; padding-right:0px\" ><\/div><\/li><li style=\"height:150px;\" ><div class=\"helper\" style=\"height:150px; width:200px;\" ><img decoding=\"async\" src=\"https:\/\/panamei.com\/wp-content\/uploads\/2017\/03\/bap_logo-e1489767429935.png\" alt=\"BAP\" title=\"BAP\" style=\"max-width:200px; padding-left: 0px; padding-right:0px\" ><\/div><\/li><li style=\"height:150px;\" ><div class=\"helper\" style=\"height:150px; width:200px;\" ><img decoding=\"async\" src=\"https:\/\/panamei.com\/wp-content\/uploads\/2017\/03\/BSB.png\" alt=\"BSB\" title=\"BSB\" style=\"max-width:200px; padding-left: 0px; padding-right:0px\" ><\/div><\/li><li style=\"height:150px;\" ><div class=\"helper\" style=\"height:150px; width:200px;\" ><img decoding=\"async\" src=\"https:\/\/panamei.com\/wp-content\/uploads\/2017\/03\/fip.png\" alt=\"FIP\" title=\"FIP\" style=\"max-width:200px; padding-left: 0px; padding-right:0px\" ><\/div><\/li><li style=\"height:150px;\" ><div class=\"helper\" style=\"height:150px; width:200px;\" ><img decoding=\"async\" src=\"https:\/\/panamei.com\/wp-content\/uploads\/2017\/03\/HACCP.png\" alt=\"HACCP\" title=\"HACCP\" style=\"max-width:200px; padding-left: 0px; padding-right:0px\" ><\/div><\/li><li style=\"height:150px;\" ><div class=\"helper\" style=\"height:150px; width:200px;\" ><img decoding=\"async\" src=\"https:\/\/panamei.com\/wp-content\/uploads\/2017\/03\/MSG.png\" alt=\"MSG\" title=\"MSG\" style=\"max-width:200px; padding-left: 0px; padding-right:0px\" ><\/div><\/li><li style=\"height:150px;\" ><div class=\"helper\" style=\"height:150px; width:200px;\" ><img decoding=\"async\" src=\"https:\/\/panamei.com\/wp-content\/uploads\/2017\/03\/NFI.png\" alt=\"NFI\" title=\"NFI\" style=\"max-width:200px; padding-left: 0px; padding-right:0px\" ><\/div><\/li><li style=\"height:150px;\" ><div class=\"helper\" style=\"height:150px; width:200px;\" ><img decoding=\"async\" src=\"https:\/\/panamei.com\/wp-content\/uploads\/2017\/03\/SQF.png\" alt=\"SQF\" title=\"SQF\" style=\"max-width:200px; padding-left: 0px; padding-right:0px\" ><\/div><\/li><\/ul><\/p>\n<\/div><\/div>        <\/div>\n    <\/div>\n<\/section><section class=\"section  text-normal section-text-no-shadow section-inner-no-shadow section-normal section-opaque\" id=\"sustainability_right\" >\n    \n    <div class=\"background-overlay grid-overlay-0 \" style=\"background-color: rgba(0,0,0,0);\"><\/div>\n\n    <div class=\"container-fullwidth container-vertical-default\">\n        <div class=\"row vertical-default\">\n            <div class=\"col-md-6    sustainability_left text-default small-screen-default\"  ><div class=\"row \"><div class=\"col-md-12     text-default small-screen-default\"  ><div class=\"divider-wrapper \" style=\"visibility:hidden;background-color:#FFFFFF\">\n    <div class=\"visible-xs\" style=\"height:24px;\"><\/div>\n    <div class=\"visible-sm\" style=\"height:24px;\"><\/div>\n    <div class=\"visible-md\" style=\"height:67px;\"><\/div>\n    <div class=\"visible-lg\" style=\"height:67px;\"><\/div>\n<\/div><!--  \/partials\/shortcodes\/column-text.php   -->\n<div class=\"col-text-1 text-light helveticamed element-top-20 element-bottom-20\" data-os-animation=\"none\" data-os-animation-delay=\"0s\">\n    <h2>SOSTENIBILIDAD<\/h2>\n<\/div><\/div><\/div><!--  \/partials\/shortcodes\/column-text.php   -->\n<div class=\"col-text-1 text-light lorafont element-top-20 element-bottom-20\" data-os-animation=\"none\" data-os-animation-delay=\"0s\">\n    <p>UN SUMINISTRO SOSTENIBLE Y DE ALTA CALIDAD ES LA BASE DE LA POL\u00cdTICA DE COMPRAS DE NUESTRA COMPA\u00d1\u00cdA<\/p>\n<\/div><div class=\"row \"><div class=\"col-md-12     text-default small-screen-default\"  ><div class=\"divider-wrapper \" style=\"visibility:hidden;background-color:#FFFFFF\">\n    <div class=\"visible-xs\" style=\"height:24px;\"><\/div>\n    <div class=\"visible-sm\" style=\"height:24px;\"><\/div>\n    <div class=\"visible-md\" style=\"height:158px;\"><\/div>\n    <div class=\"visible-lg\" style=\"height:158px;\"><\/div>\n<\/div><\/div><\/div><\/div><div class=\"col-md-6    susrowright text-default small-screen-default\"  ><div class=\"row purchasing\"><div class=\"col-md-12     text-default small-screen-default\"  ><!--  \/partials\/shortcodes\/column-text.php   -->\n<div class=\"col-text-1 text-light  element-top-20 element-bottom-20\" data-os-animation=\"none\" data-os-animation-delay=\"0s\">\n    <div class=\"topleft\">OBTENCI\u00d3N:<\/div>\n<\/div><!--  \/partials\/shortcodes\/column-text.php   -->\n<div class=\"col-text-1 text-light purchasing_text element-top-60 element-bottom-60\" data-os-animation=\"none\" data-os-animation-delay=\"0s\">\n    <p class=\"padding60\">Estamos conscientes de la necesidad de crear y mantener programas de adquisici\u00f3n diversificados, y de procedimientos ejecutados por nuestro equipo de Aseguramiento de la Calidad, con el fin de proteger la sostenibilidad de nuestros productos. Ponemos dedicaci\u00f3n y esfuerzo en obtener nuestros productos de proveedores y granjas manejadas de manera responsable, y nos apoyamos en autoridades nacionales Americanas que emplean m\u00e9todos cient\u00edficos para asegurar la obtenci\u00f3n de alimentos de manera sostenible.<\/p>\n<\/div><\/div><\/div><div class=\"row pratices\"><div class=\"col-md-12     text-default small-screen-default\"  ><!--  \/partials\/shortcodes\/column-text.php   -->\n<div class=\"col-text-1 text-light  element-top-20 element-bottom-20\" data-os-animation=\"none\" data-os-animation-delay=\"0s\">\n    <div class=\"topleft\">ESQUEMAS DE ALIMENTOS SUSTENTABLES APOYADOS POR NUESTRA COMPA\u00d1\u00cdA:<\/div>\n<\/div><!--  \/partials\/shortcodes\/column-text.php   -->\n<div class=\"col-text-1 text-light practices_text element-top-60 element-bottom-60\" data-os-animation=\"none\" data-os-animation-delay=\"0s\">\n    <p class=\"padding60\">Best Aquaculture Practices \u2013 BAP<br \/>\nMarine Stewarship Council \u2013 MSC<br \/>\nWorld Wildlife Fund \u2013 WWF<br \/>\nSustainable Fish Partnership \u2013 SFP<br \/>\nAquaculture Stewardship Council \u2013 ASC<\/p>\n<\/div><\/div><\/div><\/div>        <\/div>\n    <\/div>\n<\/section><\/p>","protected":false},"excerpt":{"rendered":"CALIDAD Y SOSTENIBILIDAD CONTROL DE CALIDAD, CERTIFICACIONES DE CUMPLIMIENTO Y H.A.C.C.P. Nuestro equipo de gesti\u00f3n de calidad est\u00e1 certificado bajo normas internacionalmente reconocidas y tiene m\u00e1s de 50 a\u00f1os de experiencia en el control de calidad alimentaria y responsabilidad social. CERTIFICACIONES Abajo listamos nuestras certificaciones reconocidas por la industria. \u00a0Certificaci\u00f3n SQF Nivel 2 en todos","protected":false},"author":12,"featured_media":0,"parent":0,"menu_order":0,"comment_status":"closed","ping_status":"closed","template":"","meta":{"wprm-recipe-roundup-name":"","wprm-recipe-roundup-description":"","footnotes":""},"class_list":["post-310","page","type-page","status-publish","hentry"],"_links":{"self":[{"href":"https:\/\/panamei.com\/es\/wp-json\/wp\/v2\/pages\/310","targetHints":{"allow":["GET"]}}],"collection":[{"href":"https:\/\/panamei.com\/es\/wp-json\/wp\/v2\/pages"}],"about":[{"href":"https:\/\/panamei.com\/es\/wp-json\/wp\/v2\/types\/page"}],"author":[{"embeddable":true,"href":"https:\/\/panamei.com\/es\/wp-json\/wp\/v2\/users\/12"}],"replies":[{"embeddable":true,"href":"https:\/\/panamei.com\/es\/wp-json\/wp\/v2\/comments?post=310"}],"version-history":[{"count":68,"href":"https:\/\/panamei.com\/es\/wp-json\/wp\/v2\/pages\/310\/revisions"}],"predecessor-version":[{"id":5754,"href":"https:\/\/panamei.com\/es\/wp-json\/wp\/v2\/pages\/310\/revisions\/5754"}],"wp:attachment":[{"href":"https:\/\/panamei.com\/es\/wp-json\/wp\/v2\/media?parent=310"}],"curies":[{"name":"wp","href":"https:\/\/api.w.org\/{rel}","templated":true}]}}