{"id":3437,"date":"2018-08-10T16:43:02","date_gmt":"2018-08-10T16:43:02","guid":{"rendered":"https:\/\/panamei.com\/?page_id=3437"},"modified":"2018-09-07T12:34:38","modified_gmt":"2018-09-07T12:34:38","slug":"journey","status":"publish","type":"page","link":"https:\/\/panamei.com\/es\/journey\/","title":{"rendered":"Journey"},"content":{"rendered":"<p><section class=\"section  text-normal section-text-no-shadow section-inner-no-shadow section-normal section-opaque\" >\n            <div class=\"background-media\" style=\"background-image: url(&#039;https:\/\/panamei.com\/wp-content\/uploads\/2017\/03\/Seafood-Indonesia.jpg&#039;); background-repeat:no-repeat; background-size:cover; background-attachment:fixed; background-position: 50% 0%;\" >\n                    <\/div>\n    \n    <div class=\"background-overlay grid-overlay-0 \" style=\"background-color: rgba(0,0,0,0);\"><\/div>\n\n    <div class=\"container container-vertical-default\">\n        <div class=\"row vertical-default\">\n            <div class=\"col-md-12     text-default small-screen-default\"  ><div class=\"divider-wrapper \" style=\"visibility:hidden;background-color:#FFFFFF\">\n    <div class=\"visible-xs\" style=\"height:24px;\"><\/div>\n    <div class=\"visible-sm\" style=\"height:24px;\"><\/div>\n    <div class=\"visible-md\" style=\"height:100px;\"><\/div>\n    <div class=\"visible-lg\" style=\"height:100px;\"><\/div>\n<\/div><div class=\"divider-wrapper \" style=\"visibility:hidden;background-color:#FFFFFF\">\n    <div class=\"visible-xs\" style=\"height:24px;\"><\/div>\n    <div class=\"visible-sm\" style=\"height:24px;\"><\/div>\n    <div class=\"visible-md\" style=\"height:100px;\"><\/div>\n    <div class=\"visible-lg\" style=\"height:100px;\"><\/div>\n<\/div><\/div>        <\/div>\n    <\/div>\n<\/section><section class=\"section  text-normal section-text-no-shadow section-inner-no-shadow section-normal section-opaque\" >\n    \n    <div class=\"background-overlay grid-overlay-0 \" style=\"background-color: rgba(0,0,0,0);\"><\/div>\n\n    <div class=\"container container-vertical-default\">\n        <div class=\"row vertical-default\">\n            <div class=\"col-md-12     text-default small-screen-default\"  ><!--  \/partials\/shortcodes\/column-text.php   -->\n<div class=\"col-text-1 text-normal  element-top-20 element-bottom-20\" data-os-animation=\"none\" data-os-animation-delay=\"0s\">\n    <h1 class=\"dblue hypatiablack\" style=\"text-align: center;\">El Panamei Journey<\/h1>\n<\/div><\/div>        <\/div>\n    <\/div>\n<\/section><section class=\"section  text-normal section-text-no-shadow section-inner-no-shadow section-normal section-opaque\" >\n    \n    <div class=\"background-overlay grid-overlay-0 \" style=\"background-color: rgba(0,0,0,0);\"><\/div>\n\n    <div class=\"container container-vertical-default\">\n        <div class=\"row vertical-default\">\n            <div class=\"col-md-6     text-default small-screen-default\"  ><!--  \/partials\/shortcodes\/column-text.php   -->\n<div class=\"col-text-1 text-normal  element-top-20 element-bottom-20\" data-os-animation=\"none\" data-os-animation-delay=\"0s\">\n    <p>El Panamei Journey es la historia, el estilo de vida, detr\u00e1s de la marca Panamei Seafood. Es la historia de nuestra b\u00fasqueda por encontrar la mejor calidad de pescados y mariscos que el oc\u00e9ano tienen para ofrecer. Nuestro viaje comenz\u00f3 explorando los or\u00edgenes de nuestros mariscos en cada lugar del mundo, pero muy r\u00e1pidamente se convirti\u00f3 en querer conocer sobre la vida de aquellos que los pescan y los preparan.<\/p>\n<\/div><\/div><div class=\"col-md-6     text-default small-screen-default\"  ><!--  \/partials\/shortcodes\/column-text.php   -->\n<div class=\"col-text-1 text-normal  element-top-20 element-bottom-20\" data-os-animation=\"none\" data-os-animation-delay=\"0s\">\n    <p>Ahora nos dedicamos a viajar por todo el mundo, no solo para encontrar las fuentes sostenibles disponibles e incluirlos en nuestra l\u00ednea de productos Panamei sino, para compartir con todos ustedes las experiencias, los panoramas, sonidos, olores y sensaciones de esta aventura.<\/p>\n<p>Esperamos que la filosof\u00eda del Panamei Journey de preparar, comer y compartir comida de calidad se extienda mucho m\u00e1s all\u00e1 de nuestras aventuras por el mundo y pueda llegar a su hogar.<\/p>\n<\/div><\/div>        <\/div>\n    <\/div>\n<\/section><section class=\"section  text-normal section-text-no-shadow section-inner-no-shadow section-normal section-opaque\" >\n    \n    <div class=\"background-overlay grid-overlay-0 \" style=\"background-color: rgba(0,0,0,0);\"><\/div>\n\n    <div class=\"container container-vertical-default\">\n        <div class=\"row vertical-default\">\n            <div class=\"col-md-4     text-default small-screen-default\"  ><div class=\"figure element-top-20 element-bottom-20  \" data-os-animation=\"none\" data-os-animation-delay=\"0s\">\n            <span class=\"figure-image\">\n        <img loading=\"lazy\" decoding=\"async\" width=\"682\" height=\"1024\" src=\"https:\/\/panamei.com\/wp-content\/uploads\/2018\/08\/imgs-pes-prepare.png\" class=\"attachment-full size-full\" alt=\"\" srcset=\"https:\/\/panamei.com\/wp-content\/uploads\/2018\/08\/imgs-pes-prepare.png 682w, https:\/\/panamei.com\/wp-content\/uploads\/2018\/08\/imgs-pes-prepare-200x300.png 200w\" sizes=\"auto, (max-width: 682px) 100vw, 682px\" \/>            <\/span>\n    <\/div>\n<!--  \/partials\/shortcodes\/column-text.php   -->\n<div class=\"col-text-1 text-normal  element-top-20 element-bottom-20\" data-os-animation=\"none\" data-os-animation-delay=\"0s\">\n    <h3 style=\"text-align: center;\">PREPARAR<\/h3>\n<p>Preparar los alimentos deber\u00eda ser una experiencia agradable. En un mundo<br \/>\nque va a toda velocidad, tener preparar una comida podr\u00eda ser algo que anticipas con pesar. Nuestro viaje est\u00e1 hecho para recordarte que cocinar es algo que debes saborear. Es una oportunidad para crear y disfrutar.<\/p>\n<p>Valoramos la integraci\u00f3n de los ingredientes frescos y las personas, y la experiencia de preparar una cena apasionadamente. Tal vez es la forma en que los \u201cInspired Chefs\u201d explican su proceso de preparar los alimentos, o quiz\u00e1s es un vistazo de la creaci\u00f3n de una de nuestras recetas favoritas.<\/p>\n<p>De igual forma, estamos aqu\u00ed para mostrarte que el tiempo que pasas preparando una cena gratificante y emocionante.<\/p>\n<\/div><\/div><div class=\"col-md-4     text-default small-screen-default\"  ><div class=\"figure element-top-20 element-bottom-20  \" data-os-animation=\"none\" data-os-animation-delay=\"0s\">\n            <span class=\"figure-image\">\n        <img loading=\"lazy\" decoding=\"async\" width=\"682\" height=\"1024\" src=\"https:\/\/panamei.com\/wp-content\/uploads\/2018\/08\/imgs-pes-eat.png\" class=\"attachment-full size-full\" alt=\"\" srcset=\"https:\/\/panamei.com\/wp-content\/uploads\/2018\/08\/imgs-pes-eat.png 682w, https:\/\/panamei.com\/wp-content\/uploads\/2018\/08\/imgs-pes-eat-200x300.png 200w\" sizes=\"auto, (max-width: 682px) 100vw, 682px\" \/>            <\/span>\n    <\/div>\n<!--  \/partials\/shortcodes\/column-text.php   -->\n<div class=\"col-text-1 text-normal  element-top-20 element-bottom-20\" data-os-animation=\"none\" data-os-animation-delay=\"0s\">\n    <h3 style=\"text-align: center;\">COMER<\/h3>\n<p>El Panamei Journey tambi\u00e9n tiene como objetivo recordarte que es importante<br \/>\nque te detengas y disfrutes tus comidas. Ya sea que hayas hecho una paella de mariscos para toda la familia, o un unos filetes de salm\u00f3n para compartir con amigos, o una merienda r\u00e1pida con camarones, si\u00e9ntete orgulloso de tus comidas y aprecia el producto final.<\/p>\n<p>La comida es maravillosa, especialmente cuando se prepara con orgullo, pasi\u00f3n y cuidado. Cuando cocinas con los productos Panamei, est\u00e1s poniendo en tu plato pescados y mariscos de alta calidad y llenos de sabor.<\/p>\n<p>Obtenemos todos nuestros pescados y mariscos con el mayor respeto por el oc\u00e9ano y sus habitantes, as\u00ed que disfruta del fresco sabor de nuestros productos.<\/p>\n<\/div><\/div><div class=\"col-md-4     text-default small-screen-default\"  ><div class=\"figure element-top-20 element-bottom-20  \" data-os-animation=\"none\" data-os-animation-delay=\"0s\">\n            <span class=\"figure-image\">\n        <img loading=\"lazy\" decoding=\"async\" width=\"682\" height=\"1024\" src=\"https:\/\/panamei.com\/wp-content\/uploads\/2018\/08\/imgs-pes-share.png\" class=\"attachment-full size-full\" alt=\"\" srcset=\"https:\/\/panamei.com\/wp-content\/uploads\/2018\/08\/imgs-pes-share.png 682w, https:\/\/panamei.com\/wp-content\/uploads\/2018\/08\/imgs-pes-share-200x300.png 200w\" sizes=\"auto, (max-width: 682px) 100vw, 682px\" \/>            <\/span>\n    <\/div>\n<!--  \/partials\/shortcodes\/column-text.php   -->\n<div class=\"col-text-1 text-normal  element-top-20 element-bottom-20\" data-os-animation=\"none\" data-os-animation-delay=\"0s\">\n    <h3 style=\"text-align: center;\">COMPARTIR<\/h3>\n<p>En Panamei, una de nuestras creencias fundamentales es que los alimentos son<br \/>\nhechos para compartirse. Una mesa est\u00e1 hecha para conversar y brindar. Hacer historias y compartir la comida. El aroma del aire, una luz tenue, compartiendo una cena con familia y amigos. No hay nada como una mesa llena de aquellos que significan todo para ti, reunidos, disfrutando de una variedad de platos deliciosos hechos en casa.<\/p>\n<p>De la cocina a la mesa, esta es la m\u00e1xima experiencia que busca el Panamei Journey. Hemos hecho nuestra misi\u00f3n compartir con ustedes historias sobre buena comida, la cultura detr\u00e1s de ella y las personas que, como nosotros, sienten gran pasi\u00f3n por los alimentos.<\/p>\n<p>Te dar\u00e1s cuenta de que la comida realmente conecta los corazones de todos nosotros.<\/p>\n<\/div><\/div>        <\/div>\n    <\/div>\n<\/section><section class=\"section  text-normal section-text-no-shadow section-inner-no-shadow section-normal section-opaque\" >\n    \n    <div class=\"background-overlay grid-overlay-0 \" style=\"background-color: rgba(0,0,0,0);\"><\/div>\n\n    <div class=\"container container-vertical-default\">\n        <div class=\"row vertical-default\">\n            <div class=\"col-md-12     text-default small-screen-default\"  ><!--  \/partials\/shortcodes\/column-text.php   -->\n<div class=\"col-text-1 text-normal  element-top-20 element-bottom-20\" data-os-animation=\"none\" data-os-animation-delay=\"0s\">\n    <h2 class=\"dblue hypatiablack\">AVENTURAS<\/h2>\n<\/div><\/div>        <\/div>\n    <\/div>\n<\/section><section class=\"section  text-normal section-text-no-shadow section-inner-no-shadow section-normal section-opaque\" >\n    \n    <div class=\"background-overlay grid-overlay-0 \" style=\"background-color: rgba(0,0,0,0);\"><\/div>\n\n    <div class=\"container container-vertical-default\">\n        <div class=\"row vertical-default\">\n            <div class=\"col-md-4     text-default small-screen-default\"  ><div class=\"figure element-top-20 element-bottom-20  \" data-os-animation=\"none\" data-os-animation-delay=\"0s\">\n            <a href=\"https:\/\/panamei.com\/mexico\/\" class=\"figure-image \" target=\"_self\">\n        <img loading=\"lazy\" decoding=\"async\" width=\"682\" height=\"1024\" src=\"https:\/\/panamei.com\/wp-content\/uploads\/2018\/08\/imgs-pes-mexico.png\" class=\"attachment-full size-full\" alt=\"\" srcset=\"https:\/\/panamei.com\/wp-content\/uploads\/2018\/08\/imgs-pes-mexico.png 682w, https:\/\/panamei.com\/wp-content\/uploads\/2018\/08\/imgs-pes-mexico-200x300.png 200w\" sizes=\"auto, (max-width: 682px) 100vw, 682px\" \/>            <\/a>\n    <\/div>\n<!--  \/partials\/shortcodes\/column-text.php   -->\n<div class=\"col-text-1 text-normal  element-top-20 element-bottom-20\" data-os-animation=\"none\" data-os-animation-delay=\"0s\">\n    <h3 class=\"post-title\" style=\"text-align: center;\">CHIAPAS, M\u00c9XICO<\/h3>\n<p>Nuestro primer destino del Panamei Journey, en el monta\u00f1oso estado de Chiapas, M\u00e9xico, nos revel\u00f3 una historia importante\u2026 la historia detr\u00e1s de los pescadores, los criadores y su profunda conexi\u00f3n con la comunidad.<\/p>\n<h4 style=\"text-align: center;\"><a href=\"https:\/\/panamei.com\/mexico\/\">Ver el video completo<\/a><\/h4>\n<\/div><\/div><div class=\"col-md-4     text-default small-screen-default\"  ><div class=\"figure element-top-20 element-bottom-20  \" data-os-animation=\"none\" data-os-animation-delay=\"0s\">\n            <a href=\"https:\/\/panamei.com\/indonesia\" class=\"figure-image \" target=\"_self\">\n        <img loading=\"lazy\" decoding=\"async\" width=\"682\" height=\"1024\" src=\"https:\/\/panamei.com\/wp-content\/uploads\/2018\/08\/imgs-pes-indonesia.png\" class=\"attachment-full size-full\" alt=\"\" srcset=\"https:\/\/panamei.com\/wp-content\/uploads\/2018\/08\/imgs-pes-indonesia.png 682w, https:\/\/panamei.com\/wp-content\/uploads\/2018\/08\/imgs-pes-indonesia-200x300.png 200w\" sizes=\"auto, (max-width: 682px) 100vw, 682px\" \/>            <\/a>\n    <\/div>\n<!--  \/partials\/shortcodes\/column-text.php   -->\n<div class=\"col-text-1 text-normal  element-top-20 element-bottom-20\" data-os-animation=\"none\" data-os-animation-delay=\"0s\">\n    <h3 class=\"post-title\" style=\"text-align: center;\">AMB\u00d3N, INDONESIA<\/h3>\n<p>Nuestro segundo viaje nos llev\u00f3 hasta Indonesia. All\u00ed vimos de primera mano c\u00f3mo el sustento de las personas que viven all\u00ed depende del mar. Nuestra aventura comenz\u00f3 en la hermosa isla de Amb\u00f3n donde buscamos una fuente responsable del at\u00fan de aleta amarilla.<\/p>\n<h4 style=\"text-align: center;\"><a href=\"https:\/\/panamei.com\/indonesia\/\">Ver el video completo<\/a><\/h4>\n<\/div><\/div><div class=\"col-md-4     text-default small-screen-default\"  ><div class=\"figure element-top-20 element-bottom-20  \" data-os-animation=\"none\" data-os-animation-delay=\"0s\">\n            <span class=\"figure-image\">\n        <img loading=\"lazy\" decoding=\"async\" width=\"682\" height=\"1024\" src=\"https:\/\/panamei.com\/wp-content\/uploads\/2018\/08\/imgs-pes-alaska.png\" class=\"attachment-full size-full\" alt=\"\" srcset=\"https:\/\/panamei.com\/wp-content\/uploads\/2018\/08\/imgs-pes-alaska.png 682w, https:\/\/panamei.com\/wp-content\/uploads\/2018\/08\/imgs-pes-alaska-200x300.png 200w\" sizes=\"auto, (max-width: 682px) 100vw, 682px\" \/>            <\/span>\n    <\/div>\n<!--  \/partials\/shortcodes\/column-text.php   -->\n<div class=\"col-text-1 text-normal  element-top-20 element-bottom-20\" data-os-animation=\"none\" data-os-animation-delay=\"0s\">\n    <h3 class=\"post-title\" style=\"text-align: center;\">ALASKA, EEUU<\/h3>\n<h4 style=\"text-align: center;\">Pronto.<\/h4>\n<\/div><\/div>        <\/div>\n    <\/div>\n<\/section><section class=\"section  text-normal section-text-no-shadow section-inner-no-shadow section-normal section-opaque\" >\n    \n    <div class=\"background-overlay grid-overlay-0 \" style=\"background-color: rgba(0,0,0,0);\"><\/div>\n\n    <div class=\"container container-vertical-default\">\n        <div class=\"row vertical-default\">\n            <div class=\"col-md-12     text-default small-screen-default\"  ><!--  \/partials\/shortcodes\/column-text.php   -->\n<div class=\"col-text-1 text-normal  element-top-20 element-bottom-20\" data-os-animation=\"none\" data-os-animation-delay=\"0s\">\n    <h2 class=\"dblue hypatiablack\">INSPIRED CHEFS<\/h2>\n<\/div><\/div>        <\/div>\n    <\/div>\n<\/section><section class=\"section  text-normal section-text-no-shadow section-inner-no-shadow section-normal section-opaque\" >\n    \n    <div class=\"background-overlay grid-overlay-0 \" style=\"background-color: rgba(0,0,0,0);\"><\/div>\n\n    <div class=\"container container-vertical-default\">\n        <div class=\"row vertical-default\">\n            <div class=\"col-md-4     text-default small-screen-default\"  ><div class=\"figure element-top-20 element-bottom-20  \" data-os-animation=\"none\" data-os-animation-delay=\"0s\">\n            <a href=\"https:\/\/panamei.com\/inspired-chef-don-cesar\/\" class=\"figure-image \" target=\"_self\">\n        <img loading=\"lazy\" decoding=\"async\" width=\"320\" height=\"480\" src=\"https:\/\/panamei.com\/wp-content\/uploads\/2018\/08\/don-cesar-320-gs.jpg\" class=\"attachment-full size-full\" alt=\"\" srcset=\"https:\/\/panamei.com\/wp-content\/uploads\/2018\/08\/don-cesar-320-gs.jpg 320w, https:\/\/panamei.com\/wp-content\/uploads\/2018\/08\/don-cesar-320-gs-200x300.jpg 200w\" sizes=\"auto, (max-width: 320px) 100vw, 320px\" \/>            <\/a>\n    <\/div>\n<!--  \/partials\/shortcodes\/column-text.php   -->\n<div class=\"col-text-1 text-normal  element-top-20 element-bottom-20\" data-os-animation=\"none\" data-os-animation-delay=\"0s\">\n    <h3 class=\"post-title\" style=\"text-align: center;\">DON C\u00c9SAR<\/h3>\n<p>Una de las metas del Panamei Journey es conocer y cocinar con personas como Don C\u00e9sar, quienes son tan apasionados por la comida como nosotros.<\/p>\n<p>Durante nuestro primer viaje del Panamei Journey a Chiapas, M\u00e9xico, conocimos a un chef local llamado Don C\u00e9sar Aceves, quien nos llev\u00f3 hasta el mercado y nos prepar\u00f3 dos recetas nuevas con tilapia.<\/p>\n<h4 style=\"text-align: center;\"><a href=\"https:\/\/panamei.com\/inspired-chef-don-cesar\/\">Ver el video completo<\/a><\/h4>\n<\/div><\/div><div class=\"col-md-4     text-default small-screen-default\"  ><div class=\"figure element-top-20 element-bottom-20  \" data-os-animation=\"none\" data-os-animation-delay=\"0s\">\n            <a href=\"https:\/\/panamei.com\/inspired-chef-patricia-mestre\" class=\"figure-image \" target=\"_self\">\n        <img loading=\"lazy\" decoding=\"async\" width=\"320\" height=\"480\" src=\"https:\/\/panamei.com\/wp-content\/uploads\/2018\/08\/patricia-mestre-gs.png\" class=\"attachment-full size-full\" alt=\"\" srcset=\"https:\/\/panamei.com\/wp-content\/uploads\/2018\/08\/patricia-mestre-gs.png 320w, https:\/\/panamei.com\/wp-content\/uploads\/2018\/08\/patricia-mestre-gs-200x300.png 200w\" sizes=\"auto, (max-width: 320px) 100vw, 320px\" \/>            <\/a>\n    <\/div>\n<!--  \/partials\/shortcodes\/column-text.php   -->\n<div class=\"col-text-1 text-normal  element-top-20 element-bottom-20\" data-os-animation=\"none\" data-os-animation-delay=\"0s\">\n    <h3 class=\"post-title\" style=\"text-align: center;\">PATRICIA MESTRE<\/h3>\n<p>Patty es una sous chef y estilista de alimentos cubana criada en Italia. Ella tiene toda una personalidad en la cocina y sin duda nos mantuvo a todos entretenidos. A Patty le gusta traer el calor a la cocina a trav\u00e9s del chile, el tequila y el fuego.<\/p>\n<p>Observa c\u00f3mo Patty enciende la sart\u00e9n mientras nos prepara uno de sus platos picantes caracter\u00edsticos, \u201cGambero Saltato\u201d (camarones salteados).<\/p>\n<h4 style=\"text-align: center;\"><a href=\"https:\/\/panamei.com\/inspired-chef-patricia-mestre\/\">Ver el video completo<\/a><\/h4>\n<\/div><\/div><div class=\"col-md-4     text-default small-screen-default\"  ><div class=\"figure element-top-20 element-bottom-20  \" data-os-animation=\"none\" data-os-animation-delay=\"0s\">\n            <a href=\"https:\/\/panamei.com\/inspired-chef-fabrizio-grossi\" class=\"figure-image \" target=\"_self\">\n        <img loading=\"lazy\" decoding=\"async\" width=\"320\" height=\"480\" src=\"https:\/\/panamei.com\/wp-content\/uploads\/2018\/08\/fabrizio-grossi-gs.png\" class=\"attachment-full size-full\" alt=\"\" srcset=\"https:\/\/panamei.com\/wp-content\/uploads\/2018\/08\/fabrizio-grossi-gs.png 320w, https:\/\/panamei.com\/wp-content\/uploads\/2018\/08\/fabrizio-grossi-gs-200x300.png 200w\" sizes=\"auto, (max-width: 320px) 100vw, 320px\" \/>            <\/a>\n    <\/div>\n<!--  \/partials\/shortcodes\/column-text.php   -->\n<div class=\"col-text-1 text-normal  element-top-20 element-bottom-20\" data-os-animation=\"none\" data-os-animation-delay=\"0s\">\n    <h3 class=\"post-title\" style=\"text-align: center;\">FABRIZIO GROSSI<\/h3>\n<p>Acompa\u00f1a a nuestro Inspired Chef, Fabrizio Grossi, a bordo del catamar\u00e1n Maita\u2019i en las Bahamas, mientras este conversa sobre comida, viajes y la vida al tiempo que comparte una t\u00e9cnica inspiradora para preparar filetes de mero.<\/p>\n<p>No te pierdas a Fabrizio durante el proceso de cocci\u00f3n del mero que lo llevar\u00e1 a sellar el filete en la sart\u00e9n para luego hornearlo con jugo de lim\u00f3n, tomates, papas, aceitunas, alcaparras y anchoas.<\/p>\n<h4 style=\"text-align: center;\"><a href=\"https:\/\/panamei.com\/inspired-chef-fabrizio-grossi\">Ver el video completo<\/a><\/h4>\n<\/div><\/div>        <\/div>\n    <\/div>\n<\/section><section class=\"section  text-normal section-text-no-shadow section-inner-no-shadow section-normal section-opaque\" >\n    \n    <div class=\"background-overlay grid-overlay-0 \" style=\"background-color: rgba(0,0,0,0);\"><\/div>\n\n    <div class=\"container container-vertical-default\">\n        <div class=\"row vertical-default\">\n            <div class=\"col-md-4     text-default small-screen-default\"  ><div class=\"figure element-top-20 element-bottom-20  \" data-os-animation=\"none\" data-os-animation-delay=\"0s\">\n            <a href=\"https:\/\/panamei.com\/inspired-chef-luis-garcia\" class=\"figure-image \" target=\"_self\">\n        <img loading=\"lazy\" decoding=\"async\" width=\"320\" height=\"480\" src=\"https:\/\/panamei.com\/wp-content\/uploads\/2018\/08\/luis-garcia-gs.png\" class=\"attachment-full size-full\" alt=\"\" srcset=\"https:\/\/panamei.com\/wp-content\/uploads\/2018\/08\/luis-garcia-gs.png 320w, https:\/\/panamei.com\/wp-content\/uploads\/2018\/08\/luis-garcia-gs-200x300.png 200w\" sizes=\"auto, (max-width: 320px) 100vw, 320px\" \/>            <\/a>\n    <\/div>\n<!--  \/partials\/shortcodes\/column-text.php   -->\n<div class=\"col-text-1 text-normal  element-top-20 element-bottom-20\" data-os-animation=\"none\" data-os-animation-delay=\"0s\">\n    <h3 class=\"post-title\" style=\"text-align: center;\">LUIS GARC\u00cdA<\/h3>\n<p>Luis Garc\u00eda es uno de dos hermanos due\u00f1o de Garcia\u2019s Seafood Grille, un restaurante familiar ubicado a orillas del r\u00edo Miami, en el coraz\u00f3n del \u00e1rea metropolitana de Miami. Lleno de historia y tradici\u00f3n, el restaurante de los Garc\u00eda se le conoce y considera como uno de los restaurantes de mariscos principales en Miami. Este se destaca por su ambiente acogedor pero energ\u00e9tico, su men\u00fa lleno de platos frescos y su mercado de pescados y mariscos.<\/p>\n<p>No dejes de ver c\u00f3mo Luis prepara uno de los platos caracter\u00edsticos de Garcia\u2019s Seafood Grille, un filete de jurel (o rabirrubia) en salsa de cilantro mientras habla sobre la familia, la comida y nuestro deber de proteger el oc\u00e9ano.<\/p>\n<h4 style=\"text-align: center;\"><a href=\"https:\/\/panamei.com\/inspired-chef-luis-garcia\">Ver el video completo<\/a><\/h4>\n<\/div><\/div><div class=\"col-md-4     text-default small-screen-default\"  ><div class=\"figure element-top-20 element-bottom-20  \" data-os-animation=\"none\" data-os-animation-delay=\"0s\">\n            <a href=\"https:\/\/panamei.com\/inspired-chef-angel-leon\" class=\"figure-image \" target=\"_self\">\n        <img loading=\"lazy\" decoding=\"async\" width=\"320\" height=\"480\" src=\"https:\/\/panamei.com\/wp-content\/uploads\/2018\/08\/AngelLeonHeadshot.jpg\" class=\"attachment-full size-full\" alt=\"\" srcset=\"https:\/\/panamei.com\/wp-content\/uploads\/2018\/08\/AngelLeonHeadshot.jpg 320w, https:\/\/panamei.com\/wp-content\/uploads\/2018\/08\/AngelLeonHeadshot-200x300.jpg 200w\" sizes=\"auto, (max-width: 320px) 100vw, 320px\" \/>            <\/a>\n    <\/div>\n<!--  \/partials\/shortcodes\/column-text.php   -->\n<div class=\"col-text-1 text-normal  element-top-20 element-bottom-20\" data-os-animation=\"none\" data-os-animation-delay=\"0s\">\n    <h3 class=\"post-title\" style=\"text-align: center;\">\u00c1NGEL LE\u00d3N<\/h3>\n<p>El Panamei Journey nos llev\u00f3 de regreso al r\u00edo Miami, espec\u00edficamente a la cocina del restaurante Miami\u2019s Seaspice.<\/p>\n<p>Acompa\u00f1a a \u00c1ngel Le\u00f3n, chef ejecutivo del restaurante, mientras comparte su filosof\u00eda sobre las t\u00e9cnicas sencillas y los ingredientes de alta calidad, al tiempo que prepara una cl\u00e1sica cazuela de mariscos.<\/p>\n<h4 style=\"text-align: center;\"><a href=\"https:\/\/panamei.com\/inspired-chef-angel-leon\">Ver el video completo<\/a><\/h4>\n<\/div><\/div><div class=\"col-md-4     text-default small-screen-default\"  ><div class=\"figure element-top-20 element-bottom-20  \" data-os-animation=\"none\" data-os-animation-delay=\"0s\">\n            <a href=\"https:\/\/panamei.com\/become-an-inspired-chef\/\" class=\"figure-image \" target=\"_self\">\n        <img loading=\"lazy\" decoding=\"async\" width=\"320\" height=\"480\" src=\"https:\/\/panamei.com\/wp-content\/uploads\/2018\/08\/placeholder-gs.png\" class=\"attachment-full size-full\" alt=\"\" srcset=\"https:\/\/panamei.com\/wp-content\/uploads\/2018\/08\/placeholder-gs.png 320w, https:\/\/panamei.com\/wp-content\/uploads\/2018\/08\/placeholder-gs-200x300.png 200w\" sizes=\"auto, (max-width: 320px) 100vw, 320px\" \/>            <\/a>\n    <\/div>\n<!--  \/partials\/shortcodes\/column-text.php   -->\n<div class=\"col-text-1 text-normal  element-top-20 element-bottom-20\" data-os-animation=\"none\" data-os-animation-delay=\"0s\">\n    <h3 class=\"post-title\" style=\"text-align: center;\">TU NOMBRE<\/h3>\n<h4 style=\"text-align: center;\"><a href=\"https:\/\/panamei.com\/become-an-inspired-chef\/\">\u00bfSer\u00e1s nuestro pr\u00f3ximo Inspired Chef?<\/a><\/h4>\n<\/div><\/div>        <\/div>\n    <\/div>\n<\/section><\/p>","protected":false},"excerpt":{"rendered":"El Panamei Journey El Panamei Journey es la historia, el estilo de vida, detr\u00e1s de la marca Panamei Seafood. Es la historia de nuestra b\u00fasqueda por encontrar la mejor calidad de pescados y mariscos que el oc\u00e9ano tienen para ofrecer. Nuestro viaje comenz\u00f3 explorando los or\u00edgenes de nuestros mariscos en cada lugar del mundo, pero","protected":false},"author":8,"featured_media":0,"parent":0,"menu_order":0,"comment_status":"closed","ping_status":"closed","template":"","meta":{"wprm-recipe-roundup-name":"","wprm-recipe-roundup-description":"","footnotes":""},"class_list":["post-3437","page","type-page","status-publish","hentry"],"_links":{"self":[{"href":"https:\/\/panamei.com\/es\/wp-json\/wp\/v2\/pages\/3437","targetHints":{"allow":["GET"]}}],"collection":[{"href":"https:\/\/panamei.com\/es\/wp-json\/wp\/v2\/pages"}],"about":[{"href":"https:\/\/panamei.com\/es\/wp-json\/wp\/v2\/types\/page"}],"author":[{"embeddable":true,"href":"https:\/\/panamei.com\/es\/wp-json\/wp\/v2\/users\/8"}],"replies":[{"embeddable":true,"href":"https:\/\/panamei.com\/es\/wp-json\/wp\/v2\/comments?post=3437"}],"version-history":[{"count":75,"href":"https:\/\/panamei.com\/es\/wp-json\/wp\/v2\/pages\/3437\/revisions"}],"predecessor-version":[{"id":3662,"href":"https:\/\/panamei.com\/es\/wp-json\/wp\/v2\/pages\/3437\/revisions\/3662"}],"wp:attachment":[{"href":"https:\/\/panamei.com\/es\/wp-json\/wp\/v2\/media?parent=3437"}],"curies":[{"name":"wp","href":"https:\/\/api.w.org\/{rel}","templated":true}]}}